{"id":5042,"date":"2025-08-24T19:39:23","date_gmt":"2025-08-24T17:39:23","guid":{"rendered":"https:\/\/zandvoortsmuseum.previewvanwebsite.nl\/presse\/"},"modified":"2026-01-13T16:20:59","modified_gmt":"2026-01-13T14:20:59","slug":"presse","status":"publish","type":"page","link":"https:\/\/zandvoortsmuseum.previewvanwebsite.nl\/de\/presse\/","title":{"rendered":"Presse"},"content":{"rendered":"\t\t<div data-elementor-type=\"wp-page\" data-elementor-id=\"5042\" class=\"elementor elementor-5042 elementor-1010\" data-elementor-post-type=\"page\">\n\t\t\t\t<div class=\"elementor-element elementor-element-321b6cdd e-con-full e-flex e-con e-parent\" data-id=\"321b6cdd\" data-element_type=\"container\" data-e-type=\"container\" data-settings=\"{&quot;background_background&quot;:&quot;classic&quot;}\">\n\t\t<div class=\"elementor-element elementor-element-3803419b e-flex e-con-boxed e-con e-child\" data-id=\"3803419b\" data-element_type=\"container\" data-e-type=\"container\">\n\t\t\t\t\t<div class=\"e-con-inner\">\n\t\t<div class=\"elementor-element elementor-element-6d9aa811 e-con-full e-flex e-con e-child\" data-id=\"6d9aa811\" data-element_type=\"container\" data-e-type=\"container\">\n\t\t\t\t<div class=\"elementor-element elementor-element-2663094d kop-diap elementor-widget elementor-widget-heading\" data-id=\"2663094d\" data-element_type=\"widget\" data-e-type=\"widget\" data-widget_type=\"heading.default\">\n\t\t\t\t\t<h2 class=\"elementor-heading-title elementor-size-default\">Presse<\/h2>\t\t\t\t<\/div>\n\t\t\t\t<div class=\"elementor-element elementor-element-6cf1adc4 tekst-diap elementor-widget elementor-widget-text-editor\" data-id=\"6cf1adc4\" data-element_type=\"widget\" data-e-type=\"widget\" data-widget_type=\"text-editor.default\">\n\t\t\t\t\t\t\t\t\t<p class=\"kt-adv-heading1306_90dda3-5f wp-block-kadence-advancedheading\" data-kb-block=\"kb-adv-heading1306_90dda3-5f\"><strong>Informationen f\u00fcr Journalisten<\/strong><br>Hier finden Sie alle aktuellen Informationen und Pressemitteilungen \u00fcber das Zandvoorts Museum.<\/p><p class=\"kt-adv-heading1306_90dda3-5f wp-block-kadence-advancedheading\" data-kb-block=\"kb-adv-heading1306_90dda3-5f\">F\u00fcr einen Besuch, ein Interview, Bildmaterial und zus\u00e4tzliche Informationen k\u00f6nnen Sie Kontakt aufnehmen mit Stefan de Groot PR &amp; Kommunikation <strong><a href=\"mailto:zandvoortsmuseum@gmail.com\" target=\"_blank\" rel=\"noopener\">zandvoortsmuseum@gmail.com<\/a><\/strong><\/p>\t\t\t\t\t\t\t\t<\/div>\n\t\t\t\t<\/div>\n\t\t<div class=\"elementor-element elementor-element-1a747e7a e-con-full e-flex e-con e-child\" data-id=\"1a747e7a\" data-element_type=\"container\" data-e-type=\"container\" data-settings=\"{&quot;background_background&quot;:&quot;classic&quot;}\">\n\t\t\t\t<div class=\"elementor-element elementor-element-1c5c2808 elementor-widget elementor-widget-spacer\" data-id=\"1c5c2808\" data-element_type=\"widget\" data-e-type=\"widget\" data-widget_type=\"spacer.default\">\n\t\t\t\t\t\t\t<div class=\"elementor-spacer\">\n\t\t\t<div class=\"elementor-spacer-inner\"><\/div>\n\t\t<\/div>\n\t\t\t\t\t\t<\/div>\n\t\t\t\t<\/div>\n\t\t\t\t\t<\/div>\n\t\t\t\t<\/div>\n\t\t\t\t<\/div>\n\t\t<div class=\"elementor-element elementor-element-3d9fa1bd e-con-full e-flex e-con e-parent\" data-id=\"3d9fa1bd\" data-element_type=\"container\" data-e-type=\"container\" data-settings=\"{&quot;background_background&quot;:&quot;classic&quot;}\">\n\t\t<div class=\"elementor-element elementor-element-1507b3e6 e-flex e-con-boxed e-con e-child\" data-id=\"1507b3e6\" data-element_type=\"container\" data-e-type=\"container\">\n\t\t\t\t\t<div class=\"e-con-inner\">\n\t\t<div class=\"elementor-element elementor-element-52de6e6c e-con-full e-flex e-con e-child\" data-id=\"52de6e6c\" data-element_type=\"container\" data-e-type=\"container\">\n\t\t\t\t<div class=\"elementor-element elementor-element-63a96974 kop-diap elementor-widget elementor-widget-heading\" data-id=\"63a96974\" data-element_type=\"widget\" data-e-type=\"widget\" data-widget_type=\"heading.default\">\n\t\t\t\t\t<h2 class=\"elementor-heading-title elementor-size-default\">Besuch<\/h2>\t\t\t\t<\/div>\n\t\t\t\t<div class=\"elementor-element elementor-element-58dc6415 tekst-diap elementor-widget elementor-widget-text-editor\" data-id=\"58dc6415\" data-element_type=\"widget\" data-e-type=\"widget\" data-widget_type=\"text-editor.default\">\n\t\t\t\t\t\t\t\t\t<p class=\"kt-adv-heading1306_2f14c5-fc wp-block-kadence-advancedheading\" data-kb-block=\"kb-adv-heading1306_2f14c5-fc\">Sie sind jederzeit herzlich willkommen, das Museum zu besuchen. Bitte geben Sie uns ein paar Tage im Voraus Bescheid. <\/p><p class=\"has-text-color has-link-color wp-elements-cd5d3a91e1ed5506c8294ae81d902f52\"><strong>Bildmaterial<\/strong><\/p><p class=\"has-text-color has-link-color wp-elements-3c560634bc6b314b686a82d3054bd321\">F\u00fcr die Anforderung von Bildmaterial senden Sie bitte eine E-Mail an <strong><a href=\"mailto:zandvoortsmusem@gmail.com\" target=\"_blank\" rel=\"noopener\">zandvoortsmusem@gmail.com<\/a><\/strong>. Das Bildmaterial des Museums ist unter Angabe des Zandvoorts Museums oder des Urheberrechtsinhabers frei von Rechten.<\/p>\t\t\t\t\t\t\t\t<\/div>\n\t\t\t\t<div class=\"elementor-element elementor-element-0a4d2ee elementor-hidden-desktop elementor-hidden-tablet elementor-hidden-mobile elementor-widget elementor-widget-button\" data-id=\"0a4d2ee\" data-element_type=\"widget\" data-e-type=\"widget\" data-widget_type=\"button.default\">\n\t\t\t\t\t\t\t\t\t\t<a class=\"elementor-button elementor-size-sm\" role=\"button\">\n\t\t\t\t\t\t<span class=\"elementor-button-content-wrapper\">\n\t\t\t\t\t\t<span class=\"elementor-button-icon\">\n\t\t\t\t<svg aria-hidden=\"true\" class=\"e-font-icon-svg e-fas-chevron-right\" viewBox=\"0 0 320 512\" xmlns=\"http:\/\/www.w3.org\/2000\/svg\"><path d=\"M285.476 272.971L91.132 467.314c-9.373 9.373-24.569 9.373-33.941 0l-22.667-22.667c-9.357-9.357-9.375-24.522-.04-33.901L188.505 256 34.484 101.255c-9.335-9.379-9.317-24.544.04-33.901l22.667-22.667c9.373-9.373 24.569-9.373 33.941 0L285.475 239.03c9.373 9.372 9.373 24.568.001 33.941z\"><\/path><\/svg>\t\t\t<\/span>\n\t\t\t\t\t\t\t\t\t<span class=\"elementor-button-text\">Laden Sie hier das Bildmaterial herunter<\/span>\n\t\t\t\t\t<\/span>\n\t\t\t\t\t<\/a>\n\t\t\t\t\t\t\t\t<\/div>\n\t\t\t\t<\/div>\n\t\t<div class=\"elementor-element elementor-element-68bbaea1 e-con-full e-flex e-con e-child\" data-id=\"68bbaea1\" data-element_type=\"container\" data-e-type=\"container\" data-settings=\"{&quot;background_background&quot;:&quot;classic&quot;}\">\n\t\t\t\t<div class=\"elementor-element elementor-element-64c4018 elementor-widget elementor-widget-image\" data-id=\"64c4018\" data-element_type=\"widget\" data-e-type=\"widget\" data-widget_type=\"image.default\">\n\t\t\t\t\t\t\t\t\t\t\t\t\t\t\t<img fetchpriority=\"high\" decoding=\"async\" width=\"860\" height=\"1200\" src=\"https:\/\/zandvoortsmuseum.previewvanwebsite.nl\/wp-content\/uploads\/2025\/10\/ZM-Pers-Drukkerij-Gertenbach.jpg\" class=\"attachment-full size-full wp-image-5045\" alt=\"ZM Presse Druckerei Gertenbach\" srcset=\"https:\/\/zandvoortsmuseum.previewvanwebsite.nl\/wp-content\/uploads\/2025\/10\/ZM-Pers-Drukkerij-Gertenbach.jpg 860w, https:\/\/zandvoortsmuseum.previewvanwebsite.nl\/wp-content\/uploads\/2025\/10\/ZM-Pers-Drukkerij-Gertenbach-215x300.jpg 215w, https:\/\/zandvoortsmuseum.previewvanwebsite.nl\/wp-content\/uploads\/2025\/10\/ZM-Pers-Drukkerij-Gertenbach-734x1024.jpg 734w, https:\/\/zandvoortsmuseum.previewvanwebsite.nl\/wp-content\/uploads\/2025\/10\/ZM-Pers-Drukkerij-Gertenbach-768x1072.jpg 768w\" sizes=\"(max-width: 860px) 100vw, 860px\" \/>\t\t\t\t\t\t\t\t\t\t\t\t\t\t\t<\/div>\n\t\t\t\t<\/div>\n\t\t\t\t\t<\/div>\n\t\t\t\t<\/div>\n\t\t\t\t<\/div>\n\t\t<div class=\"elementor-element elementor-element-3e56aab e-con-full e-flex e-con e-parent\" data-id=\"3e56aab\" data-element_type=\"container\" data-e-type=\"container\" data-settings=\"{&quot;background_background&quot;:&quot;classic&quot;}\">\n\t\t<div class=\"elementor-element elementor-element-6ba1eaeb e-flex e-con-boxed e-con e-child\" data-id=\"6ba1eaeb\" data-element_type=\"container\" data-e-type=\"container\">\n\t\t\t\t\t<div class=\"e-con-inner\">\n\t\t<div class=\"elementor-element elementor-element-7b971cb2 e-con-full e-flex e-con e-child\" data-id=\"7b971cb2\" data-element_type=\"container\" data-e-type=\"container\">\n\t\t\t\t<div class=\"elementor-element elementor-element-7e9b3365 kop-diap elementor-widget elementor-widget-heading\" data-id=\"7e9b3365\" data-element_type=\"widget\" data-e-type=\"widget\" data-widget_type=\"heading.default\">\n\t\t\t\t\t<h1 class=\"elementor-heading-title elementor-size-default\">Pressemitteilungen<\/h1>\t\t\t\t<\/div>\n\t\t\t\t<div class=\"elementor-element elementor-element-292b681 elementor-grid-3 elementor-grid-tablet-2 elementor-grid-mobile-1 elementor-widget elementor-widget-loop-grid\" data-id=\"292b681\" data-element_type=\"widget\" data-e-type=\"widget\" data-settings=\"{&quot;template_id&quot;:402,&quot;pagination_type&quot;:&quot;load_more_infinite_scroll&quot;,&quot;row_gap&quot;:{&quot;unit&quot;:&quot;px&quot;,&quot;size&quot;:20,&quot;sizes&quot;:[]},&quot;_skin&quot;:&quot;post&quot;,&quot;columns&quot;:&quot;3&quot;,&quot;columns_tablet&quot;:&quot;2&quot;,&quot;columns_mobile&quot;:&quot;1&quot;,&quot;edit_handle_selector&quot;:&quot;[data-elementor-type=\\&quot;loop-item\\&quot;]&quot;,&quot;load_more_spinner&quot;:{&quot;value&quot;:&quot;fas fa-spinner&quot;,&quot;library&quot;:&quot;fa-solid&quot;},&quot;row_gap_tablet&quot;:{&quot;unit&quot;:&quot;px&quot;,&quot;size&quot;:&quot;&quot;,&quot;sizes&quot;:[]},&quot;row_gap_mobile&quot;:{&quot;unit&quot;:&quot;px&quot;,&quot;size&quot;:&quot;&quot;,&quot;sizes&quot;:[]}}\" data-widget_type=\"loop-grid.post\">\n\t\t\t\t<div class=\"elementor-widget-container\">\n\t\t\t\t\t\t\t<div class=\"e-loop-nothing-found-message\">\n\t\t<\/div>\n\t\t\t\t\t\t<\/div>\n\t\t\t\t<\/div>\n\t\t\t\t<div class=\"elementor-element elementor-element-9cbcd51 elementor-hidden-desktop elementor-hidden-tablet elementor-hidden-mobile elementor-grid-3 elementor-grid-tablet-2 elementor-grid-mobile-1 elementor-widget elementor-widget-loop-grid\" data-id=\"9cbcd51\" data-element_type=\"widget\" data-e-type=\"widget\" data-settings=\"{&quot;template_id&quot;:402,&quot;pagination_type&quot;:&quot;load_more_infinite_scroll&quot;,&quot;row_gap&quot;:{&quot;unit&quot;:&quot;px&quot;,&quot;size&quot;:20,&quot;sizes&quot;:[]},&quot;_skin&quot;:&quot;post&quot;,&quot;columns&quot;:&quot;3&quot;,&quot;columns_tablet&quot;:&quot;2&quot;,&quot;columns_mobile&quot;:&quot;1&quot;,&quot;edit_handle_selector&quot;:&quot;[data-elementor-type=\\&quot;loop-item\\&quot;]&quot;,&quot;load_more_spinner&quot;:{&quot;value&quot;:&quot;fas fa-spinner&quot;,&quot;library&quot;:&quot;fa-solid&quot;},&quot;row_gap_tablet&quot;:{&quot;unit&quot;:&quot;px&quot;,&quot;size&quot;:&quot;&quot;,&quot;sizes&quot;:[]},&quot;row_gap_mobile&quot;:{&quot;unit&quot;:&quot;px&quot;,&quot;size&quot;:&quot;&quot;,&quot;sizes&quot;:[]}}\" data-widget_type=\"loop-grid.post\">\n\t\t\t\t<div class=\"elementor-widget-container\">\n\t\t\t\t\t\t\t<div class=\"e-loop-nothing-found-message\">\n\t\t<\/div>\n\t\t\t\t\t\t<\/div>\n\t\t\t\t<\/div>\n\t\t\t\t<\/div>\n\t\t\t\t\t<\/div>\n\t\t\t\t<\/div>\n\t\t\t\t<\/div>\n\t\t\t\t<\/div>\n\t\t","protected":false},"excerpt":{"rendered":"<p>Presse Informationen f\u00fcr JournalistenHier finden Sie alle aktuellen Informationen und Pressemitteilungen \u00fcber das Zandvoorts Museum. F\u00fcr einen Besuch, ein Interview, Bildmaterial und zus\u00e4tzliche Informationen k\u00f6nnen Sie Kontakt aufnehmen mit Stefan de Groot PR &amp; Kommunikation zandvoortsmuseum@gmail.com Besuch Sie sind jederzeit herzlich willkommen, das Museum zu besuchen. Bitte geben Sie uns ein paar Tage im Voraus [&hellip;]<\/p>\n","protected":false},"author":1,"featured_media":0,"parent":0,"menu_order":0,"comment_status":"closed","ping_status":"closed","template":"","meta":{"_acf_changed":false,"inline_featured_image":false,"footnotes":""},"class_list":["post-5042","page","type-page","status-publish","hentry"],"acf":[],"yoast_head":"<!-- This site is optimized with the Yoast SEO plugin v27.5 - https:\/\/yoast.com\/product\/yoast-seo-wordpress\/ -->\n<title>Presse - Zandvoorts Museum<\/title>\n<meta name=\"description\" content=\"Hier finden Sie alle aktuellen Presseinformationen \u00fcber das Zandvoorts Museum. Nehmen Sie Kontakt auf f\u00fcr einen Besuch, ein Interview oder Bildmaterial.\" \/>\n<meta name=\"robots\" content=\"noindex, follow, max-snippet:-1, max-image-preview:large, max-video-preview:-1\" \/>\n<meta property=\"og:locale\" content=\"de_DE\" \/>\n<meta property=\"og:type\" content=\"article\" \/>\n<meta property=\"og:title\" content=\"Presse - Zandvoorts Museum\" \/>\n<meta property=\"og:description\" content=\"Hier finden Sie alle aktuellen Presseinformationen \u00fcber das Zandvoorts Museum. Nehmen Sie Kontakt auf f\u00fcr einen Besuch, ein Interview oder Bildmaterial.\" \/>\n<meta property=\"og:url\" content=\"https:\/\/zandvoortsmuseum.previewvanwebsite.nl\/de\/presse\/\" \/>\n<meta property=\"og:site_name\" content=\"Zandvoorts Museum\" \/>\n<meta property=\"article:publisher\" content=\"https:\/\/www.facebook.com\/MuseumZandvoort\" \/>\n<meta property=\"article:modified_time\" content=\"2026-01-13T14:20:59+00:00\" \/>\n<meta property=\"og:image\" content=\"https:\/\/zandvoortsmuseum.previewvanwebsite.nl\/wp-content\/uploads\/2025\/10\/ZM-Pers-Drukkerij-Gertenbach.jpg\" \/>\n\t<meta property=\"og:image:width\" content=\"860\" \/>\n\t<meta property=\"og:image:height\" content=\"1200\" \/>\n\t<meta property=\"og:image:type\" content=\"image\/jpeg\" \/>\n<meta name=\"twitter:card\" content=\"summary_large_image\" \/>\n<meta name=\"twitter:label1\" content=\"Gesch\u00e4tzte Lesezeit\" \/>\n\t<meta name=\"twitter:data1\" content=\"1\u00a0Minute\" \/>\n<script type=\"application\/ld+json\" class=\"yoast-schema-graph\">{\"@context\":\"https:\\\/\\\/schema.org\",\"@graph\":[{\"@type\":\"WebPage\",\"@id\":\"https:\\\/\\\/zandvoortsmuseum.previewvanwebsite.nl\\\/de\\\/presse\\\/\",\"url\":\"https:\\\/\\\/zandvoortsmuseum.previewvanwebsite.nl\\\/de\\\/presse\\\/\",\"name\":\"Presse - Zandvoorts Museum\",\"isPartOf\":{\"@id\":\"https:\\\/\\\/zandvoortsmuseum.previewvanwebsite.nl\\\/de\\\/#website\"},\"primaryImageOfPage\":{\"@id\":\"https:\\\/\\\/zandvoortsmuseum.previewvanwebsite.nl\\\/de\\\/presse\\\/#primaryimage\"},\"image\":{\"@id\":\"https:\\\/\\\/zandvoortsmuseum.previewvanwebsite.nl\\\/de\\\/presse\\\/#primaryimage\"},\"thumbnailUrl\":\"https:\\\/\\\/zandvoortsmuseum.previewvanwebsite.nl\\\/wp-content\\\/uploads\\\/2025\\\/10\\\/ZM-Pers-Drukkerij-Gertenbach.jpg\",\"datePublished\":\"2025-08-24T17:39:23+00:00\",\"dateModified\":\"2026-01-13T14:20:59+00:00\",\"description\":\"Hier finden Sie alle aktuellen Presseinformationen \u00fcber das Zandvoorts Museum. Nehmen Sie Kontakt auf f\u00fcr einen Besuch, ein Interview oder Bildmaterial.\",\"breadcrumb\":{\"@id\":\"https:\\\/\\\/zandvoortsmuseum.previewvanwebsite.nl\\\/de\\\/presse\\\/#breadcrumb\"},\"inLanguage\":\"de\",\"potentialAction\":[{\"@type\":\"ReadAction\",\"target\":[\"https:\\\/\\\/zandvoortsmuseum.previewvanwebsite.nl\\\/de\\\/presse\\\/\"]}]},{\"@type\":\"ImageObject\",\"inLanguage\":\"de\",\"@id\":\"https:\\\/\\\/zandvoortsmuseum.previewvanwebsite.nl\\\/de\\\/presse\\\/#primaryimage\",\"url\":\"https:\\\/\\\/zandvoortsmuseum.previewvanwebsite.nl\\\/wp-content\\\/uploads\\\/2025\\\/10\\\/ZM-Pers-Drukkerij-Gertenbach.jpg\",\"contentUrl\":\"https:\\\/\\\/zandvoortsmuseum.previewvanwebsite.nl\\\/wp-content\\\/uploads\\\/2025\\\/10\\\/ZM-Pers-Drukkerij-Gertenbach.jpg\"},{\"@type\":\"BreadcrumbList\",\"@id\":\"https:\\\/\\\/zandvoortsmuseum.previewvanwebsite.nl\\\/de\\\/presse\\\/#breadcrumb\",\"itemListElement\":[{\"@type\":\"ListItem\",\"position\":1,\"name\":\"Home\",\"item\":\"https:\\\/\\\/zandvoortsmuseum.previewvanwebsite.nl\\\/de\\\/das-zandvoorts-museum-ist-das-zentrum-fuer-kunst-und-geschichte-in-zandvoort\\\/\"},{\"@type\":\"ListItem\",\"position\":2,\"name\":\"Presse\"}]},{\"@type\":\"WebSite\",\"@id\":\"https:\\\/\\\/zandvoortsmuseum.previewvanwebsite.nl\\\/de\\\/#website\",\"url\":\"https:\\\/\\\/zandvoortsmuseum.previewvanwebsite.nl\\\/de\\\/\",\"name\":\"Zandvoorts Museum\",\"description\":\"H\u00e9t centrum voor kunst en geschiedenis in Zandvoort.\",\"publisher\":{\"@id\":\"https:\\\/\\\/zandvoortsmuseum.previewvanwebsite.nl\\\/de\\\/#organization\"},\"alternateName\":\"H\u00e9t centrum voor kunst en geschiedenis in Zandvoort\",\"potentialAction\":[{\"@type\":\"SearchAction\",\"target\":{\"@type\":\"EntryPoint\",\"urlTemplate\":\"https:\\\/\\\/zandvoortsmuseum.previewvanwebsite.nl\\\/de\\\/?s={search_term_string}\"},\"query-input\":{\"@type\":\"PropertyValueSpecification\",\"valueRequired\":true,\"valueName\":\"search_term_string\"}}],\"inLanguage\":\"de\"},{\"@type\":\"Organization\",\"@id\":\"https:\\\/\\\/zandvoortsmuseum.previewvanwebsite.nl\\\/de\\\/#organization\",\"name\":\"Zandvoorts Museum\",\"url\":\"https:\\\/\\\/zandvoortsmuseum.previewvanwebsite.nl\\\/de\\\/\",\"logo\":{\"@type\":\"ImageObject\",\"inLanguage\":\"de\",\"@id\":\"https:\\\/\\\/zandvoortsmuseum.previewvanwebsite.nl\\\/de\\\/#\\\/schema\\\/logo\\\/image\\\/\",\"url\":\"https:\\\/\\\/zandvoortsmuseum.previewvanwebsite.nl\\\/wp-content\\\/uploads\\\/2025\\\/08\\\/Zandvoorts-Museum-Logo-zw-min.svg\",\"contentUrl\":\"https:\\\/\\\/zandvoortsmuseum.previewvanwebsite.nl\\\/wp-content\\\/uploads\\\/2025\\\/08\\\/Zandvoorts-Museum-Logo-zw-min.svg\",\"width\":1847,\"height\":412,\"caption\":\"Zandvoorts Museum\"},\"image\":{\"@id\":\"https:\\\/\\\/zandvoortsmuseum.previewvanwebsite.nl\\\/de\\\/#\\\/schema\\\/logo\\\/image\\\/\"},\"sameAs\":[\"https:\\\/\\\/www.facebook.com\\\/MuseumZandvoort\",\"https:\\\/\\\/www.instagram.com\\\/zandvoortsmuseum\\\/\"]}]}<\/script>\n<!-- \/ Yoast SEO plugin. -->","yoast_head_json":{"title":"Presse - Zandvoorts Museum","description":"Hier finden Sie alle aktuellen Presseinformationen \u00fcber das Zandvoorts Museum. Nehmen Sie Kontakt auf f\u00fcr einen Besuch, ein Interview oder Bildmaterial.","robots":{"index":"noindex","follow":"follow","max-snippet":"max-snippet:-1","max-image-preview":"max-image-preview:large","max-video-preview":"max-video-preview:-1"},"og_locale":"de_DE","og_type":"article","og_title":"Presse - Zandvoorts Museum","og_description":"Hier finden Sie alle aktuellen Presseinformationen \u00fcber das Zandvoorts Museum. Nehmen Sie Kontakt auf f\u00fcr einen Besuch, ein Interview oder Bildmaterial.","og_url":"https:\/\/zandvoortsmuseum.previewvanwebsite.nl\/de\/presse\/","og_site_name":"Zandvoorts Museum","article_publisher":"https:\/\/www.facebook.com\/MuseumZandvoort","article_modified_time":"2026-01-13T14:20:59+00:00","og_image":[{"width":860,"height":1200,"url":"https:\/\/zandvoortsmuseum.previewvanwebsite.nl\/wp-content\/uploads\/2025\/10\/ZM-Pers-Drukkerij-Gertenbach.jpg","type":"image\/jpeg"}],"twitter_card":"summary_large_image","twitter_misc":{"Gesch\u00e4tzte Lesezeit":"1\u00a0Minute"},"schema":{"@context":"https:\/\/schema.org","@graph":[{"@type":"WebPage","@id":"https:\/\/zandvoortsmuseum.previewvanwebsite.nl\/de\/presse\/","url":"https:\/\/zandvoortsmuseum.previewvanwebsite.nl\/de\/presse\/","name":"Presse - Zandvoorts Museum","isPartOf":{"@id":"https:\/\/zandvoortsmuseum.previewvanwebsite.nl\/de\/#website"},"primaryImageOfPage":{"@id":"https:\/\/zandvoortsmuseum.previewvanwebsite.nl\/de\/presse\/#primaryimage"},"image":{"@id":"https:\/\/zandvoortsmuseum.previewvanwebsite.nl\/de\/presse\/#primaryimage"},"thumbnailUrl":"https:\/\/zandvoortsmuseum.previewvanwebsite.nl\/wp-content\/uploads\/2025\/10\/ZM-Pers-Drukkerij-Gertenbach.jpg","datePublished":"2025-08-24T17:39:23+00:00","dateModified":"2026-01-13T14:20:59+00:00","description":"Hier finden Sie alle aktuellen Presseinformationen \u00fcber das Zandvoorts Museum. Nehmen Sie Kontakt auf f\u00fcr einen Besuch, ein Interview oder Bildmaterial.","breadcrumb":{"@id":"https:\/\/zandvoortsmuseum.previewvanwebsite.nl\/de\/presse\/#breadcrumb"},"inLanguage":"de","potentialAction":[{"@type":"ReadAction","target":["https:\/\/zandvoortsmuseum.previewvanwebsite.nl\/de\/presse\/"]}]},{"@type":"ImageObject","inLanguage":"de","@id":"https:\/\/zandvoortsmuseum.previewvanwebsite.nl\/de\/presse\/#primaryimage","url":"https:\/\/zandvoortsmuseum.previewvanwebsite.nl\/wp-content\/uploads\/2025\/10\/ZM-Pers-Drukkerij-Gertenbach.jpg","contentUrl":"https:\/\/zandvoortsmuseum.previewvanwebsite.nl\/wp-content\/uploads\/2025\/10\/ZM-Pers-Drukkerij-Gertenbach.jpg"},{"@type":"BreadcrumbList","@id":"https:\/\/zandvoortsmuseum.previewvanwebsite.nl\/de\/presse\/#breadcrumb","itemListElement":[{"@type":"ListItem","position":1,"name":"Home","item":"https:\/\/zandvoortsmuseum.previewvanwebsite.nl\/de\/das-zandvoorts-museum-ist-das-zentrum-fuer-kunst-und-geschichte-in-zandvoort\/"},{"@type":"ListItem","position":2,"name":"Presse"}]},{"@type":"WebSite","@id":"https:\/\/zandvoortsmuseum.previewvanwebsite.nl\/de\/#website","url":"https:\/\/zandvoortsmuseum.previewvanwebsite.nl\/de\/","name":"Zandvoorts Museum","description":"H\u00e9t centrum voor kunst en geschiedenis in Zandvoort.","publisher":{"@id":"https:\/\/zandvoortsmuseum.previewvanwebsite.nl\/de\/#organization"},"alternateName":"H\u00e9t centrum voor kunst en geschiedenis in Zandvoort","potentialAction":[{"@type":"SearchAction","target":{"@type":"EntryPoint","urlTemplate":"https:\/\/zandvoortsmuseum.previewvanwebsite.nl\/de\/?s={search_term_string}"},"query-input":{"@type":"PropertyValueSpecification","valueRequired":true,"valueName":"search_term_string"}}],"inLanguage":"de"},{"@type":"Organization","@id":"https:\/\/zandvoortsmuseum.previewvanwebsite.nl\/de\/#organization","name":"Zandvoorts Museum","url":"https:\/\/zandvoortsmuseum.previewvanwebsite.nl\/de\/","logo":{"@type":"ImageObject","inLanguage":"de","@id":"https:\/\/zandvoortsmuseum.previewvanwebsite.nl\/de\/#\/schema\/logo\/image\/","url":"https:\/\/zandvoortsmuseum.previewvanwebsite.nl\/wp-content\/uploads\/2025\/08\/Zandvoorts-Museum-Logo-zw-min.svg","contentUrl":"https:\/\/zandvoortsmuseum.previewvanwebsite.nl\/wp-content\/uploads\/2025\/08\/Zandvoorts-Museum-Logo-zw-min.svg","width":1847,"height":412,"caption":"Zandvoorts Museum"},"image":{"@id":"https:\/\/zandvoortsmuseum.previewvanwebsite.nl\/de\/#\/schema\/logo\/image\/"},"sameAs":["https:\/\/www.facebook.com\/MuseumZandvoort","https:\/\/www.instagram.com\/zandvoortsmuseum\/"]}]}},"_links":{"self":[{"href":"https:\/\/zandvoortsmuseum.previewvanwebsite.nl\/de\/wp-json\/wp\/v2\/pages\/5042","targetHints":{"allow":["GET"]}}],"collection":[{"href":"https:\/\/zandvoortsmuseum.previewvanwebsite.nl\/de\/wp-json\/wp\/v2\/pages"}],"about":[{"href":"https:\/\/zandvoortsmuseum.previewvanwebsite.nl\/de\/wp-json\/wp\/v2\/types\/page"}],"author":[{"embeddable":true,"href":"https:\/\/zandvoortsmuseum.previewvanwebsite.nl\/de\/wp-json\/wp\/v2\/users\/1"}],"replies":[{"embeddable":true,"href":"https:\/\/zandvoortsmuseum.previewvanwebsite.nl\/de\/wp-json\/wp\/v2\/comments?post=5042"}],"version-history":[{"count":1,"href":"https:\/\/zandvoortsmuseum.previewvanwebsite.nl\/de\/wp-json\/wp\/v2\/pages\/5042\/revisions"}],"predecessor-version":[{"id":5048,"href":"https:\/\/zandvoortsmuseum.previewvanwebsite.nl\/de\/wp-json\/wp\/v2\/pages\/5042\/revisions\/5048"}],"wp:attachment":[{"href":"https:\/\/zandvoortsmuseum.previewvanwebsite.nl\/de\/wp-json\/wp\/v2\/media?parent=5042"}],"curies":[{"name":"wp","href":"https:\/\/api.w.org\/{rel}","templated":true}]}}