{"id":5008,"date":"2025-08-25T10:59:08","date_gmt":"2025-08-25T08:59:08","guid":{"rendered":"https:\/\/zandvoortsmuseum.previewvanwebsite.nl\/offenes-atelier\/"},"modified":"2026-01-13T16:20:33","modified_gmt":"2026-01-13T14:20:33","slug":"offenes-atelier","status":"publish","type":"page","link":"https:\/\/zandvoortsmuseum.previewvanwebsite.nl\/de\/offenes-atelier\/","title":{"rendered":"Offenes Atelier"},"content":{"rendered":"\t\t<div data-elementor-type=\"wp-page\" data-elementor-id=\"5008\" class=\"elementor elementor-5008 elementor-1135\" data-elementor-post-type=\"page\">\n\t\t\t\t<div class=\"elementor-element elementor-element-2a9369c2 e-con-full e-flex e-con e-parent\" data-id=\"2a9369c2\" data-element_type=\"container\" data-e-type=\"container\" data-settings=\"{&quot;background_background&quot;:&quot;classic&quot;}\">\n\t\t<div class=\"elementor-element elementor-element-3a0f74dd e-flex e-con-boxed e-con e-child\" data-id=\"3a0f74dd\" data-element_type=\"container\" data-e-type=\"container\">\n\t\t\t\t\t<div class=\"e-con-inner\">\n\t\t<div class=\"elementor-element elementor-element-2c33d701 e-con-full e-flex e-con e-child\" data-id=\"2c33d701\" data-element_type=\"container\" data-e-type=\"container\">\n\t\t\t\t<div class=\"elementor-element elementor-element-7c08e9bc kop-diap elementor-widget elementor-widget-heading\" data-id=\"7c08e9bc\" data-element_type=\"widget\" data-e-type=\"widget\" data-widget_type=\"heading.default\">\n\t\t\t\t\t<h1 class=\"elementor-heading-title elementor-size-default\">Offenes Atelier<\/h1>\t\t\t\t<\/div>\n\t\t\t\t<div class=\"elementor-element elementor-element-11399433 tekst-diap elementor-widget elementor-widget-text-editor\" data-id=\"11399433\" data-element_type=\"widget\" data-e-type=\"widget\" data-widget_type=\"text-editor.default\">\n\t\t\t\t\t\t\t\t\t<p>Text<\/p>\t\t\t\t\t\t\t\t<\/div>\n\t\t\t\t<\/div>\n\t\t<div class=\"elementor-element elementor-element-211e2dad e-con-full e-flex e-con e-child\" data-id=\"211e2dad\" data-element_type=\"container\" data-e-type=\"container\" data-settings=\"{&quot;background_background&quot;:&quot;classic&quot;}\">\n\t\t\t\t<div class=\"elementor-element elementor-element-14abfd00 elementor-widget elementor-widget-spacer\" data-id=\"14abfd00\" data-element_type=\"widget\" data-e-type=\"widget\" data-widget_type=\"spacer.default\">\n\t\t\t\t\t\t\t<div class=\"elementor-spacer\">\n\t\t\t<div class=\"elementor-spacer-inner\"><\/div>\n\t\t<\/div>\n\t\t\t\t\t\t<\/div>\n\t\t\t\t<\/div>\n\t\t\t\t\t<\/div>\n\t\t\t\t<\/div>\n\t\t\t\t<\/div>\n\t\t<div class=\"elementor-element elementor-element-7068d8d0 e-con-full e-flex e-con e-parent\" data-id=\"7068d8d0\" data-element_type=\"container\" data-e-type=\"container\" data-settings=\"{&quot;background_background&quot;:&quot;classic&quot;}\">\n\t\t<div class=\"elementor-element elementor-element-239454cc e-flex e-con-boxed e-con e-child\" data-id=\"239454cc\" data-element_type=\"container\" data-e-type=\"container\">\n\t\t\t\t\t<div class=\"e-con-inner\">\n\t\t<div class=\"elementor-element elementor-element-1c412949 e-con-full e-flex e-con e-child\" data-id=\"1c412949\" data-element_type=\"container\" data-e-type=\"container\">\n\t\t\t\t<div class=\"elementor-element elementor-element-5b768b25 kop-diap elementor-widget elementor-widget-heading\" data-id=\"5b768b25\" data-element_type=\"widget\" data-e-type=\"widget\" data-widget_type=\"heading.default\">\n\t\t\t\t\t<h2 class=\"elementor-heading-title elementor-size-default\">Der Vorstand<\/h2>\t\t\t\t<\/div>\n\t\t\t\t<div class=\"elementor-element elementor-element-2feaaea8 tekst-diap elementor-widget elementor-widget-text-editor\" data-id=\"2feaaea8\" data-element_type=\"widget\" data-e-type=\"widget\" data-widget_type=\"text-editor.default\">\n\t\t\t\t\t\t\t\t\t<p>Der Vorstand des Zandvoorts Museums ist ein mitarbeitender Vorstand und nimmt eine aktive Rolle bei der Unterst\u00fctzung der Museumsorganisation ein. Der Vorsitzende und der Schatzmeister bilden zusammen mit dem Direktor den t\u00e4glichen Vorstand. Auf der Grundlage der Verf\u00fcgbarkeit und des Hintergrunds der Vorstandsmitglieder werden spezifische Portfolios verteilt. Die T\u00e4tigkeit des Vorstands ist ehrenamtlich.   <\/p>\t\t\t\t\t\t\t\t<\/div>\n\t\t\t\t<\/div>\n\t\t<div class=\"elementor-element elementor-element-482034e3 e-con-full e-flex e-con e-child\" data-id=\"482034e3\" data-element_type=\"container\" data-e-type=\"container\" data-settings=\"{&quot;background_background&quot;:&quot;classic&quot;}\">\n\t\t\t\t<div class=\"elementor-element elementor-element-5515cea0 elementor-widget elementor-widget-image\" data-id=\"5515cea0\" data-element_type=\"widget\" data-e-type=\"widget\" data-widget_type=\"image.default\">\n\t\t\t\t\t\t\t\t\t\t\t\t\t\t\t<img fetchpriority=\"high\" decoding=\"async\" width=\"646\" height=\"644\" src=\"https:\/\/zandvoortsmuseum.previewvanwebsite.nl\/wp-content\/uploads\/2025\/08\/Het-Museum.jpg\" class=\"attachment-large size-large wp-image-4803\" alt=\"Das Museum\" srcset=\"https:\/\/zandvoortsmuseum.previewvanwebsite.nl\/wp-content\/uploads\/2025\/08\/Het-Museum.jpg 646w, https:\/\/zandvoortsmuseum.previewvanwebsite.nl\/wp-content\/uploads\/2025\/08\/Het-Museum-300x300.jpg 300w, https:\/\/zandvoortsmuseum.previewvanwebsite.nl\/wp-content\/uploads\/2025\/08\/Het-Museum-150x150.jpg 150w\" sizes=\"(max-width: 646px) 100vw, 646px\" \/>\t\t\t\t\t\t\t\t\t\t\t\t\t\t\t<\/div>\n\t\t\t\t<\/div>\n\t\t\t\t\t<\/div>\n\t\t\t\t<\/div>\n\t\t\t\t<\/div>\n\t\t\t\t<\/div>\n\t\t","protected":false},"excerpt":{"rendered":"<p>Offenes Atelier Text Der Vorstand Der Vorstand des Zandvoorts Museums ist ein mitarbeitender Vorstand und nimmt eine aktive Rolle bei der Unterst\u00fctzung der Museumsorganisation ein. Der Vorsitzende und der Schatzmeister bilden zusammen mit dem Direktor den t\u00e4glichen Vorstand. Auf der Grundlage der Verf\u00fcgbarkeit und des Hintergrunds der Vorstandsmitglieder werden spezifische Portfolios verteilt. Die T\u00e4tigkeit des [&hellip;]<\/p>\n","protected":false},"author":1,"featured_media":0,"parent":0,"menu_order":0,"comment_status":"closed","ping_status":"closed","template":"","meta":{"_acf_changed":false,"inline_featured_image":false,"footnotes":""},"class_list":["post-5008","page","type-page","status-publish","hentry"],"acf":[],"yoast_head":"<!-- This site is optimized with the Yoast SEO plugin v27.5 - https:\/\/yoast.com\/product\/yoast-seo-wordpress\/ -->\n<title>Offenes Atelier - Zandvoorts Museum<\/title>\n<meta name=\"robots\" content=\"noindex, follow, max-snippet:-1, max-image-preview:large, max-video-preview:-1\" \/>\n<meta property=\"og:locale\" content=\"de_DE\" \/>\n<meta property=\"og:type\" content=\"article\" \/>\n<meta property=\"og:title\" content=\"Offenes Atelier - Zandvoorts Museum\" \/>\n<meta property=\"og:description\" content=\"Offenes Atelier Text Der Vorstand Der Vorstand des Zandvoorts Museums ist ein mitarbeitender Vorstand und nimmt eine aktive Rolle bei der Unterst\u00fctzung der Museumsorganisation ein. Der Vorsitzende und der Schatzmeister bilden zusammen mit dem Direktor den t\u00e4glichen Vorstand. Auf der Grundlage der Verf\u00fcgbarkeit und des Hintergrunds der Vorstandsmitglieder werden spezifische Portfolios verteilt. Die T\u00e4tigkeit des [&hellip;]\" \/>\n<meta property=\"og:url\" content=\"https:\/\/zandvoortsmuseum.previewvanwebsite.nl\/de\/offenes-atelier\/\" \/>\n<meta property=\"og:site_name\" content=\"Zandvoorts Museum\" \/>\n<meta property=\"article:publisher\" content=\"https:\/\/www.facebook.com\/MuseumZandvoort\" \/>\n<meta property=\"article:modified_time\" content=\"2026-01-13T14:20:33+00:00\" \/>\n<meta property=\"og:image\" content=\"https:\/\/zandvoortsmuseum.previewvanwebsite.nl\/wp-content\/uploads\/2025\/08\/Het-Museum.jpg\" \/>\n\t<meta property=\"og:image:width\" content=\"646\" \/>\n\t<meta property=\"og:image:height\" content=\"644\" \/>\n\t<meta property=\"og:image:type\" content=\"image\/jpeg\" \/>\n<meta name=\"twitter:card\" content=\"summary_large_image\" \/>\n<script type=\"application\/ld+json\" class=\"yoast-schema-graph\">{\"@context\":\"https:\\\/\\\/schema.org\",\"@graph\":[{\"@type\":\"WebPage\",\"@id\":\"https:\\\/\\\/zandvoortsmuseum.previewvanwebsite.nl\\\/de\\\/offenes-atelier\\\/\",\"url\":\"https:\\\/\\\/zandvoortsmuseum.previewvanwebsite.nl\\\/de\\\/offenes-atelier\\\/\",\"name\":\"Offenes Atelier - Zandvoorts Museum\",\"isPartOf\":{\"@id\":\"https:\\\/\\\/zandvoortsmuseum.previewvanwebsite.nl\\\/de\\\/#website\"},\"primaryImageOfPage\":{\"@id\":\"https:\\\/\\\/zandvoortsmuseum.previewvanwebsite.nl\\\/de\\\/offenes-atelier\\\/#primaryimage\"},\"image\":{\"@id\":\"https:\\\/\\\/zandvoortsmuseum.previewvanwebsite.nl\\\/de\\\/offenes-atelier\\\/#primaryimage\"},\"thumbnailUrl\":\"https:\\\/\\\/zandvoortsmuseum.previewvanwebsite.nl\\\/wp-content\\\/uploads\\\/2025\\\/08\\\/Het-Museum.jpg\",\"datePublished\":\"2025-08-25T08:59:08+00:00\",\"dateModified\":\"2026-01-13T14:20:33+00:00\",\"breadcrumb\":{\"@id\":\"https:\\\/\\\/zandvoortsmuseum.previewvanwebsite.nl\\\/de\\\/offenes-atelier\\\/#breadcrumb\"},\"inLanguage\":\"de\",\"potentialAction\":[{\"@type\":\"ReadAction\",\"target\":[\"https:\\\/\\\/zandvoortsmuseum.previewvanwebsite.nl\\\/de\\\/offenes-atelier\\\/\"]}]},{\"@type\":\"ImageObject\",\"inLanguage\":\"de\",\"@id\":\"https:\\\/\\\/zandvoortsmuseum.previewvanwebsite.nl\\\/de\\\/offenes-atelier\\\/#primaryimage\",\"url\":\"https:\\\/\\\/zandvoortsmuseum.previewvanwebsite.nl\\\/wp-content\\\/uploads\\\/2025\\\/08\\\/Het-Museum.jpg\",\"contentUrl\":\"https:\\\/\\\/zandvoortsmuseum.previewvanwebsite.nl\\\/wp-content\\\/uploads\\\/2025\\\/08\\\/Het-Museum.jpg\"},{\"@type\":\"BreadcrumbList\",\"@id\":\"https:\\\/\\\/zandvoortsmuseum.previewvanwebsite.nl\\\/de\\\/offenes-atelier\\\/#breadcrumb\",\"itemListElement\":[{\"@type\":\"ListItem\",\"position\":1,\"name\":\"Home\",\"item\":\"https:\\\/\\\/zandvoortsmuseum.previewvanwebsite.nl\\\/de\\\/das-zandvoorts-museum-ist-das-zentrum-fuer-kunst-und-geschichte-in-zandvoort\\\/\"},{\"@type\":\"ListItem\",\"position\":2,\"name\":\"Offenes Atelier\"}]},{\"@type\":\"WebSite\",\"@id\":\"https:\\\/\\\/zandvoortsmuseum.previewvanwebsite.nl\\\/de\\\/#website\",\"url\":\"https:\\\/\\\/zandvoortsmuseum.previewvanwebsite.nl\\\/de\\\/\",\"name\":\"Zandvoorts Museum\",\"description\":\"H\u00e9t centrum voor kunst en geschiedenis in Zandvoort.\",\"publisher\":{\"@id\":\"https:\\\/\\\/zandvoortsmuseum.previewvanwebsite.nl\\\/de\\\/#organization\"},\"alternateName\":\"H\u00e9t centrum voor kunst en geschiedenis in Zandvoort\",\"potentialAction\":[{\"@type\":\"SearchAction\",\"target\":{\"@type\":\"EntryPoint\",\"urlTemplate\":\"https:\\\/\\\/zandvoortsmuseum.previewvanwebsite.nl\\\/de\\\/?s={search_term_string}\"},\"query-input\":{\"@type\":\"PropertyValueSpecification\",\"valueRequired\":true,\"valueName\":\"search_term_string\"}}],\"inLanguage\":\"de\"},{\"@type\":\"Organization\",\"@id\":\"https:\\\/\\\/zandvoortsmuseum.previewvanwebsite.nl\\\/de\\\/#organization\",\"name\":\"Zandvoorts Museum\",\"url\":\"https:\\\/\\\/zandvoortsmuseum.previewvanwebsite.nl\\\/de\\\/\",\"logo\":{\"@type\":\"ImageObject\",\"inLanguage\":\"de\",\"@id\":\"https:\\\/\\\/zandvoortsmuseum.previewvanwebsite.nl\\\/de\\\/#\\\/schema\\\/logo\\\/image\\\/\",\"url\":\"https:\\\/\\\/zandvoortsmuseum.previewvanwebsite.nl\\\/wp-content\\\/uploads\\\/2025\\\/08\\\/Zandvoorts-Museum-Logo-zw-min.svg\",\"contentUrl\":\"https:\\\/\\\/zandvoortsmuseum.previewvanwebsite.nl\\\/wp-content\\\/uploads\\\/2025\\\/08\\\/Zandvoorts-Museum-Logo-zw-min.svg\",\"width\":1847,\"height\":412,\"caption\":\"Zandvoorts Museum\"},\"image\":{\"@id\":\"https:\\\/\\\/zandvoortsmuseum.previewvanwebsite.nl\\\/de\\\/#\\\/schema\\\/logo\\\/image\\\/\"},\"sameAs\":[\"https:\\\/\\\/www.facebook.com\\\/MuseumZandvoort\",\"https:\\\/\\\/www.instagram.com\\\/zandvoortsmuseum\\\/\"]}]}<\/script>\n<!-- \/ Yoast SEO plugin. -->","yoast_head_json":{"title":"Offenes Atelier - Zandvoorts Museum","robots":{"index":"noindex","follow":"follow","max-snippet":"max-snippet:-1","max-image-preview":"max-image-preview:large","max-video-preview":"max-video-preview:-1"},"og_locale":"de_DE","og_type":"article","og_title":"Offenes Atelier - Zandvoorts Museum","og_description":"Offenes Atelier Text Der Vorstand Der Vorstand des Zandvoorts Museums ist ein mitarbeitender Vorstand und nimmt eine aktive Rolle bei der Unterst\u00fctzung der Museumsorganisation ein. Der Vorsitzende und der Schatzmeister bilden zusammen mit dem Direktor den t\u00e4glichen Vorstand. Auf der Grundlage der Verf\u00fcgbarkeit und des Hintergrunds der Vorstandsmitglieder werden spezifische Portfolios verteilt. Die T\u00e4tigkeit des [&hellip;]","og_url":"https:\/\/zandvoortsmuseum.previewvanwebsite.nl\/de\/offenes-atelier\/","og_site_name":"Zandvoorts Museum","article_publisher":"https:\/\/www.facebook.com\/MuseumZandvoort","article_modified_time":"2026-01-13T14:20:33+00:00","og_image":[{"width":646,"height":644,"url":"https:\/\/zandvoortsmuseum.previewvanwebsite.nl\/wp-content\/uploads\/2025\/08\/Het-Museum.jpg","type":"image\/jpeg"}],"twitter_card":"summary_large_image","schema":{"@context":"https:\/\/schema.org","@graph":[{"@type":"WebPage","@id":"https:\/\/zandvoortsmuseum.previewvanwebsite.nl\/de\/offenes-atelier\/","url":"https:\/\/zandvoortsmuseum.previewvanwebsite.nl\/de\/offenes-atelier\/","name":"Offenes Atelier - Zandvoorts Museum","isPartOf":{"@id":"https:\/\/zandvoortsmuseum.previewvanwebsite.nl\/de\/#website"},"primaryImageOfPage":{"@id":"https:\/\/zandvoortsmuseum.previewvanwebsite.nl\/de\/offenes-atelier\/#primaryimage"},"image":{"@id":"https:\/\/zandvoortsmuseum.previewvanwebsite.nl\/de\/offenes-atelier\/#primaryimage"},"thumbnailUrl":"https:\/\/zandvoortsmuseum.previewvanwebsite.nl\/wp-content\/uploads\/2025\/08\/Het-Museum.jpg","datePublished":"2025-08-25T08:59:08+00:00","dateModified":"2026-01-13T14:20:33+00:00","breadcrumb":{"@id":"https:\/\/zandvoortsmuseum.previewvanwebsite.nl\/de\/offenes-atelier\/#breadcrumb"},"inLanguage":"de","potentialAction":[{"@type":"ReadAction","target":["https:\/\/zandvoortsmuseum.previewvanwebsite.nl\/de\/offenes-atelier\/"]}]},{"@type":"ImageObject","inLanguage":"de","@id":"https:\/\/zandvoortsmuseum.previewvanwebsite.nl\/de\/offenes-atelier\/#primaryimage","url":"https:\/\/zandvoortsmuseum.previewvanwebsite.nl\/wp-content\/uploads\/2025\/08\/Het-Museum.jpg","contentUrl":"https:\/\/zandvoortsmuseum.previewvanwebsite.nl\/wp-content\/uploads\/2025\/08\/Het-Museum.jpg"},{"@type":"BreadcrumbList","@id":"https:\/\/zandvoortsmuseum.previewvanwebsite.nl\/de\/offenes-atelier\/#breadcrumb","itemListElement":[{"@type":"ListItem","position":1,"name":"Home","item":"https:\/\/zandvoortsmuseum.previewvanwebsite.nl\/de\/das-zandvoorts-museum-ist-das-zentrum-fuer-kunst-und-geschichte-in-zandvoort\/"},{"@type":"ListItem","position":2,"name":"Offenes Atelier"}]},{"@type":"WebSite","@id":"https:\/\/zandvoortsmuseum.previewvanwebsite.nl\/de\/#website","url":"https:\/\/zandvoortsmuseum.previewvanwebsite.nl\/de\/","name":"Zandvoorts Museum","description":"H\u00e9t centrum voor kunst en geschiedenis in Zandvoort.","publisher":{"@id":"https:\/\/zandvoortsmuseum.previewvanwebsite.nl\/de\/#organization"},"alternateName":"H\u00e9t centrum voor kunst en geschiedenis in Zandvoort","potentialAction":[{"@type":"SearchAction","target":{"@type":"EntryPoint","urlTemplate":"https:\/\/zandvoortsmuseum.previewvanwebsite.nl\/de\/?s={search_term_string}"},"query-input":{"@type":"PropertyValueSpecification","valueRequired":true,"valueName":"search_term_string"}}],"inLanguage":"de"},{"@type":"Organization","@id":"https:\/\/zandvoortsmuseum.previewvanwebsite.nl\/de\/#organization","name":"Zandvoorts Museum","url":"https:\/\/zandvoortsmuseum.previewvanwebsite.nl\/de\/","logo":{"@type":"ImageObject","inLanguage":"de","@id":"https:\/\/zandvoortsmuseum.previewvanwebsite.nl\/de\/#\/schema\/logo\/image\/","url":"https:\/\/zandvoortsmuseum.previewvanwebsite.nl\/wp-content\/uploads\/2025\/08\/Zandvoorts-Museum-Logo-zw-min.svg","contentUrl":"https:\/\/zandvoortsmuseum.previewvanwebsite.nl\/wp-content\/uploads\/2025\/08\/Zandvoorts-Museum-Logo-zw-min.svg","width":1847,"height":412,"caption":"Zandvoorts Museum"},"image":{"@id":"https:\/\/zandvoortsmuseum.previewvanwebsite.nl\/de\/#\/schema\/logo\/image\/"},"sameAs":["https:\/\/www.facebook.com\/MuseumZandvoort","https:\/\/www.instagram.com\/zandvoortsmuseum\/"]}]}},"_links":{"self":[{"href":"https:\/\/zandvoortsmuseum.previewvanwebsite.nl\/de\/wp-json\/wp\/v2\/pages\/5008","targetHints":{"allow":["GET"]}}],"collection":[{"href":"https:\/\/zandvoortsmuseum.previewvanwebsite.nl\/de\/wp-json\/wp\/v2\/pages"}],"about":[{"href":"https:\/\/zandvoortsmuseum.previewvanwebsite.nl\/de\/wp-json\/wp\/v2\/types\/page"}],"author":[{"embeddable":true,"href":"https:\/\/zandvoortsmuseum.previewvanwebsite.nl\/de\/wp-json\/wp\/v2\/users\/1"}],"replies":[{"embeddable":true,"href":"https:\/\/zandvoortsmuseum.previewvanwebsite.nl\/de\/wp-json\/wp\/v2\/comments?post=5008"}],"version-history":[{"count":1,"href":"https:\/\/zandvoortsmuseum.previewvanwebsite.nl\/de\/wp-json\/wp\/v2\/pages\/5008\/revisions"}],"predecessor-version":[{"id":5009,"href":"https:\/\/zandvoortsmuseum.previewvanwebsite.nl\/de\/wp-json\/wp\/v2\/pages\/5008\/revisions\/5009"}],"wp:attachment":[{"href":"https:\/\/zandvoortsmuseum.previewvanwebsite.nl\/de\/wp-json\/wp\/v2\/media?parent=5008"}],"curies":[{"name":"wp","href":"https:\/\/api.w.org\/{rel}","templated":true}]}}