{"id":4985,"date":"2025-08-24T18:00:19","date_gmt":"2025-08-24T16:00:19","guid":{"rendered":"https:\/\/zandvoortsmuseum.previewvanwebsite.nl\/geschichten\/"},"modified":"2026-03-07T14:01:36","modified_gmt":"2026-03-07T12:01:36","slug":"geschichten","status":"publish","type":"page","link":"https:\/\/zandvoortsmuseum.previewvanwebsite.nl\/de\/geschichten\/","title":{"rendered":"Geschichten"},"content":{"rendered":"\t\t<div data-elementor-type=\"wp-page\" data-elementor-id=\"4985\" class=\"elementor elementor-4985 elementor-903\" data-elementor-post-type=\"page\">\n\t\t\t\t<div class=\"elementor-element elementor-element-d7cf244 e-con-full e-flex e-con e-parent\" data-id=\"d7cf244\" data-element_type=\"container\" data-e-type=\"container\" data-settings=\"{&quot;background_background&quot;:&quot;classic&quot;}\">\n\t\t<div class=\"elementor-element elementor-element-011dba5 e-flex e-con-boxed e-con e-child\" data-id=\"011dba5\" data-element_type=\"container\" data-e-type=\"container\">\n\t\t\t\t\t<div class=\"e-con-inner\">\n\t\t<div class=\"elementor-element elementor-element-4a8a7b3 e-con-full e-flex e-con e-child\" data-id=\"4a8a7b3\" data-element_type=\"container\" data-e-type=\"container\">\n\t\t\t\t<div class=\"elementor-element elementor-element-3e5342e kop-diap elementor-widget elementor-widget-heading\" data-id=\"3e5342e\" data-element_type=\"widget\" data-e-type=\"widget\" data-widget_type=\"heading.default\">\n\t\t\t\t\t<h2 class=\"elementor-heading-title elementor-size-default\">Geschichten &amp; Sammlung<\/h2>\t\t\t\t<\/div>\n\t\t\t\t<div class=\"elementor-element elementor-element-8efcaff tekst-diap elementor-widget elementor-widget-text-editor\" data-id=\"8efcaff\" data-element_type=\"widget\" data-e-type=\"widget\" data-widget_type=\"text-editor.default\">\n\t\t\t\t\t\t\t\t\t<p class=\"p1\">Das Zandvoorts Museum verf\u00fcgt \u00fcber eine gro\u00dfe Sammlung von Geschichten und Objekten. Lesen Sie unsere Geschichten und sehen Sie sich unsere Sammlungen an. Schreiben Sie mit an der Geschichte von Zandvoort. Die Geschichte von Zandvoort lebt in Geschichten, Fotos und Erinnerungen. Haben Sie einen besonderen Moment, der bewahrt werden sollte?    <\/p>\t\t\t\t\t\t\t\t<\/div>\n\t\t\t\t<\/div>\n\t\t<div class=\"elementor-element elementor-element-836eb06 e-con-full e-flex e-con e-child\" data-id=\"836eb06\" data-element_type=\"container\" data-e-type=\"container\" data-settings=\"{&quot;background_background&quot;:&quot;classic&quot;}\">\n\t\t\t\t<div class=\"elementor-element elementor-element-510cb8b elementor-widget elementor-widget-spacer\" data-id=\"510cb8b\" data-element_type=\"widget\" data-e-type=\"widget\" data-widget_type=\"spacer.default\">\n\t\t\t\t\t\t\t<div class=\"elementor-spacer\">\n\t\t\t<div class=\"elementor-spacer-inner\"><\/div>\n\t\t<\/div>\n\t\t\t\t\t\t<\/div>\n\t\t\t\t<\/div>\n\t\t\t\t\t<\/div>\n\t\t\t\t<\/div>\n\t\t\t\t<\/div>\n\t\t<div class=\"elementor-element elementor-element-1bb11ece e-flex e-con-boxed e-con e-parent\" data-id=\"1bb11ece\" data-element_type=\"container\" data-e-type=\"container\">\n\t\t\t\t\t<div class=\"e-con-inner\">\n\t\t\t\t<div class=\"elementor-element elementor-element-35f41dc6 kop-diap elementor-widget elementor-widget-heading\" data-id=\"35f41dc6\" data-element_type=\"widget\" data-e-type=\"widget\" data-widget_type=\"heading.default\">\n\t\t\t\t\t<h1 class=\"elementor-heading-title elementor-size-default\">Unsere Geschichten<\/h1>\t\t\t\t<\/div>\n\t\t\t\t\t<\/div>\n\t\t\t\t<\/div>\n\t\t<div class=\"elementor-element elementor-element-0281452 e-flex e-con-boxed e-con e-parent\" data-id=\"0281452\" data-element_type=\"container\" data-e-type=\"container\">\n\t\t\t\t\t<div class=\"e-con-inner\">\n\t\t\t\t<div class=\"elementor-element elementor-element-75646fb elementor-grid-4 elementor-grid-tablet-2 elementor-grid-mobile-1 elementor-widget elementor-widget-loop-grid\" data-id=\"75646fb\" data-element_type=\"widget\" data-e-type=\"widget\" data-settings=\"{&quot;template_id&quot;:402,&quot;row_gap&quot;:{&quot;unit&quot;:&quot;px&quot;,&quot;size&quot;:80,&quot;sizes&quot;:[]},&quot;columns&quot;:4,&quot;_skin&quot;:&quot;post&quot;,&quot;columns_tablet&quot;:&quot;2&quot;,&quot;columns_mobile&quot;:&quot;1&quot;,&quot;edit_handle_selector&quot;:&quot;[data-elementor-type=\\&quot;loop-item\\&quot;]&quot;,&quot;row_gap_tablet&quot;:{&quot;unit&quot;:&quot;px&quot;,&quot;size&quot;:&quot;&quot;,&quot;sizes&quot;:[]},&quot;row_gap_mobile&quot;:{&quot;unit&quot;:&quot;px&quot;,&quot;size&quot;:&quot;&quot;,&quot;sizes&quot;:[]}}\" data-widget_type=\"loop-grid.post\">\n\t\t\t\t<div class=\"elementor-widget-container\">\n\t\t\t\t\t\t\t<div class=\"e-loop-nothing-found-message\">\n\t\t<\/div>\n\t\t\t\t\t\t<\/div>\n\t\t\t\t<\/div>\n\t\t\t\t\t<\/div>\n\t\t\t\t<\/div>\n\t\t<div class=\"elementor-element elementor-element-7c3e892 e-con-full e-flex e-con e-parent\" data-id=\"7c3e892\" data-element_type=\"container\" data-e-type=\"container\" data-settings=\"{&quot;background_background&quot;:&quot;classic&quot;}\">\n\t\t<div class=\"elementor-element elementor-element-f5d7a4a e-flex e-con-boxed e-con e-child\" data-id=\"f5d7a4a\" data-element_type=\"container\" data-e-type=\"container\">\n\t\t\t\t\t<div class=\"e-con-inner\">\n\t\t<div class=\"elementor-element elementor-element-80550a1 e-con-full e-flex e-con e-child\" data-id=\"80550a1\" data-element_type=\"container\" data-e-type=\"container\">\n\t\t\t\t<div class=\"elementor-element elementor-element-11368ac kop-diap elementor-widget elementor-widget-heading\" data-id=\"11368ac\" data-element_type=\"widget\" data-e-type=\"widget\" data-widget_type=\"heading.default\">\n\t\t\t\t\t<h2 class=\"elementor-heading-title elementor-size-default\">Schreiben Sie mit...<\/h2>\t\t\t\t<\/div>\n\t\t\t\t<div class=\"elementor-element elementor-element-18db7f1 tekst-diap elementor-widget elementor-widget-text-editor\" data-id=\"18db7f1\" data-element_type=\"widget\" data-e-type=\"widget\" data-widget_type=\"text-editor.default\">\n\t\t\t\t\t\t\t\t\t<p class=\"p1\">Die Geschichte von Zandvoort wird anhand von interaktivem Sammlungsmanagement, organisierten Wanderungen durch das alte Zentrum des Dorfes und dem Kulturerbe-Lehrplan f\u00fcr Grundschulen ausf\u00fchrlich besprochen. In den Dauerausstellungen <em>The Life of Memories<\/em> und <em>200 Jahre Clubliefde<\/em> ist die Nostalgie des alten Zandvoort wiederzufinden. Das Zandvoorts Museum m\u00f6chte die Geschichte von Zandvoort gerne mit Ihrer Hilfe erg\u00e4nzen.  <\/p>\t\t\t\t\t\t\t\t<\/div>\n\t\t\t\t<div class=\"elementor-element elementor-element-c7ba3d9 elementor-widget elementor-widget-button\" data-id=\"c7ba3d9\" data-element_type=\"widget\" data-e-type=\"widget\" data-widget_type=\"button.default\">\n\t\t\t\t\t\t\t\t\t\t<a class=\"elementor-button elementor-button-link elementor-size-sm\" href=\"https:\/\/zandvoortsmuseum.previewvanwebsite.nl\/de\/schreiben-sie-mit\/\">\n\t\t\t\t\t\t<span class=\"elementor-button-content-wrapper\">\n\t\t\t\t\t\t<span class=\"elementor-button-icon\">\n\t\t\t\t<svg aria-hidden=\"true\" class=\"e-font-icon-svg e-fas-chevron-right\" viewBox=\"0 0 320 512\" xmlns=\"http:\/\/www.w3.org\/2000\/svg\"><path d=\"M285.476 272.971L91.132 467.314c-9.373 9.373-24.569 9.373-33.941 0l-22.667-22.667c-9.357-9.357-9.375-24.522-.04-33.901L188.505 256 34.484 101.255c-9.335-9.379-9.317-24.544.04-33.901l22.667-22.667c9.373-9.373 24.569-9.373 33.941 0L285.475 239.03c9.373 9.372 9.373 24.568.001 33.941z\"><\/path><\/svg>\t\t\t<\/span>\n\t\t\t\t\t\t\t\t\t<span class=\"elementor-button-text\">Geschichte einsenden<\/span>\n\t\t\t\t\t<\/span>\n\t\t\t\t\t<\/a>\n\t\t\t\t\t\t\t\t<\/div>\n\t\t\t\t<div class=\"elementor-element elementor-element-b07f12d tekst-diap elementor-widget elementor-widget-text-editor\" data-id=\"b07f12d\" data-element_type=\"widget\" data-e-type=\"widget\" data-widget_type=\"text-editor.default\">\n\t\t\t\t\t\t\t\t\t<p class=\"p1\">Schreiben Sie eine Geschichte \u00fcber eine Frau, einen Mann, eine Familie, eine Gemeinschaft oder \u00fcber einen Ort, ein Ereignis, das etwas f\u00fcr Zandvoort bedeutet hat, und bereichern Sie so die Geschichte dieses K\u00fcstendorfes. Vielleicht handelt Ihre Geschichte von den Fischerfrauen, die die Netze flickten, den Pensionswirtinnen, die die ersten Badeg\u00e4ste empfingen, oder den Widerstandsk\u00e4mpfern, die w\u00e4hrend des Krieges ihr Leben riskierten. Die Form der Geschichte ist v\u00f6llig frei: ein Gedicht, ein Brief, eine Kurzgeschichte oder eine pers\u00f6nliche Erinnerung.  <\/p><p class=\"p1\">Alle Geschichten, wenn m\u00f6glich mit einem Bild, werden hier auf der Website ver\u00f6ffentlicht und in die Sammlung \u00fcber die Geschichte von Zandvoort aufgenommen!<\/p><p class=\"p1\"><i>Machen Sie mit!<\/i><\/p><p class=\"p1\"><i>Es w\u00e4re sch\u00f6n, wenn Sie auch mitmachen, um die Geschichte von Zandvoort zu bereichern! Das Zandvoorts Museum sammelt die Geschichten, sodass die Menschen, die Orte und die Ereignisse, die Zandvoort geformt haben, sichtbar und h\u00f6rbar werden. <\/i><\/p><p class=\"p1\"><i>All diese Geschichten werden ein Teil der Museumssammlung.<\/i><\/p><p class=\"p1\"><i>Jeder kann mitmachen. Die Form der Geschichte ist v\u00f6llig frei: Schreiben Sie eine Kurzgeschichte, ein Gedicht, einen Brief oder teilen Sie eine Erinnerung. <\/i><\/p>\t\t\t\t\t\t\t\t<\/div>\n\t\t\t\t<\/div>\n\t\t<div class=\"elementor-element elementor-element-2f9866b e-con-full e-flex e-con e-child\" data-id=\"2f9866b\" data-element_type=\"container\" data-e-type=\"container\" data-settings=\"{&quot;background_background&quot;:&quot;classic&quot;}\">\n\t\t\t\t<div class=\"elementor-element elementor-element-16281f1 elementor-widget elementor-widget-image\" data-id=\"16281f1\" data-element_type=\"widget\" data-e-type=\"widget\" data-widget_type=\"image.default\">\n\t\t\t\t\t\t\t\t\t\t\t\t\t\t\t<img fetchpriority=\"high\" decoding=\"async\" width=\"801\" height=\"1920\" src=\"https:\/\/zandvoortsmuseum.previewvanwebsite.nl\/wp-content\/uploads\/2026\/03\/Schrijf-Mee-Verticaal.jpg\" class=\"attachment-full size-full wp-image-5588\" alt=\"Schrijf Mee Verticaal\" srcset=\"https:\/\/zandvoortsmuseum.previewvanwebsite.nl\/wp-content\/uploads\/2026\/03\/Schrijf-Mee-Verticaal.jpg 801w, https:\/\/zandvoortsmuseum.previewvanwebsite.nl\/wp-content\/uploads\/2026\/03\/Schrijf-Mee-Verticaal-125x300.jpg 125w, https:\/\/zandvoortsmuseum.previewvanwebsite.nl\/wp-content\/uploads\/2026\/03\/Schrijf-Mee-Verticaal-427x1024.jpg 427w, https:\/\/zandvoortsmuseum.previewvanwebsite.nl\/wp-content\/uploads\/2026\/03\/Schrijf-Mee-Verticaal-768x1841.jpg 768w, https:\/\/zandvoortsmuseum.previewvanwebsite.nl\/wp-content\/uploads\/2026\/03\/Schrijf-Mee-Verticaal-641x1536.jpg 641w\" sizes=\"(max-width: 801px) 100vw, 801px\" \/>\t\t\t\t\t\t\t\t\t\t\t\t\t\t\t<\/div>\n\t\t\t\t<\/div>\n\t\t\t\t\t<\/div>\n\t\t\t\t<\/div>\n\t\t\t\t<\/div>\n\t\t\t\t<\/div>\n\t\t","protected":false},"excerpt":{"rendered":"<p>Geschichten &amp; Sammlung Das Zandvoorts Museum verf\u00fcgt \u00fcber eine gro\u00dfe Sammlung von Geschichten und Objekten. Lesen Sie unsere Geschichten und sehen Sie sich unsere Sammlungen an. Schreiben Sie mit an der Geschichte von Zandvoort. Die Geschichte von Zandvoort lebt in Geschichten, Fotos und Erinnerungen. Haben Sie einen besonderen Moment, der bewahrt werden sollte? Unsere Geschichten [&hellip;]<\/p>\n","protected":false},"author":1,"featured_media":0,"parent":0,"menu_order":0,"comment_status":"closed","ping_status":"closed","template":"","meta":{"_acf_changed":false,"inline_featured_image":false,"footnotes":""},"class_list":["post-4985","page","type-page","status-publish","hentry"],"acf":[],"yoast_head":"<!-- This site is optimized with the Yoast SEO plugin v27.5 - https:\/\/yoast.com\/product\/yoast-seo-wordpress\/ -->\n<title>Geschichten - Zandvoorts Museum<\/title>\n<meta name=\"robots\" content=\"noindex, follow, max-snippet:-1, max-image-preview:large, max-video-preview:-1\" \/>\n<meta property=\"og:locale\" content=\"de_DE\" \/>\n<meta property=\"og:type\" content=\"article\" \/>\n<meta property=\"og:title\" content=\"Geschichten - Zandvoorts Museum\" \/>\n<meta property=\"og:description\" content=\"Geschichten &amp; Sammlung Das Zandvoorts Museum verf\u00fcgt \u00fcber eine gro\u00dfe Sammlung von Geschichten und Objekten. Lesen Sie unsere Geschichten und sehen Sie sich unsere Sammlungen an. Schreiben Sie mit an der Geschichte von Zandvoort. Die Geschichte von Zandvoort lebt in Geschichten, Fotos und Erinnerungen. Haben Sie einen besonderen Moment, der bewahrt werden sollte? Unsere Geschichten [&hellip;]\" \/>\n<meta property=\"og:url\" content=\"https:\/\/zandvoortsmuseum.previewvanwebsite.nl\/de\/geschichten\/\" \/>\n<meta property=\"og:site_name\" content=\"Zandvoorts Museum\" \/>\n<meta property=\"article:publisher\" content=\"https:\/\/www.facebook.com\/MuseumZandvoort\" \/>\n<meta property=\"article:modified_time\" content=\"2026-03-07T12:01:36+00:00\" \/>\n<meta property=\"og:image\" content=\"https:\/\/zandvoortsmuseum.previewvanwebsite.nl\/wp-content\/uploads\/2026\/03\/Schrijf-Mee-Verticaal.jpg\" \/>\n\t<meta property=\"og:image:width\" content=\"801\" \/>\n\t<meta property=\"og:image:height\" content=\"1920\" \/>\n\t<meta property=\"og:image:type\" content=\"image\/jpeg\" \/>\n<meta name=\"twitter:card\" content=\"summary_large_image\" \/>\n<meta name=\"twitter:label1\" content=\"Gesch\u00e4tzte Lesezeit\" \/>\n\t<meta name=\"twitter:data1\" content=\"2\u00a0Minuten\" \/>\n<script type=\"application\/ld+json\" class=\"yoast-schema-graph\">{\"@context\":\"https:\\\/\\\/schema.org\",\"@graph\":[{\"@type\":\"WebPage\",\"@id\":\"https:\\\/\\\/zandvoortsmuseum.previewvanwebsite.nl\\\/de\\\/geschichten\\\/\",\"url\":\"https:\\\/\\\/zandvoortsmuseum.previewvanwebsite.nl\\\/de\\\/geschichten\\\/\",\"name\":\"Geschichten - Zandvoorts Museum\",\"isPartOf\":{\"@id\":\"https:\\\/\\\/zandvoortsmuseum.previewvanwebsite.nl\\\/de\\\/#website\"},\"primaryImageOfPage\":{\"@id\":\"https:\\\/\\\/zandvoortsmuseum.previewvanwebsite.nl\\\/de\\\/geschichten\\\/#primaryimage\"},\"image\":{\"@id\":\"https:\\\/\\\/zandvoortsmuseum.previewvanwebsite.nl\\\/de\\\/geschichten\\\/#primaryimage\"},\"thumbnailUrl\":\"https:\\\/\\\/zandvoortsmuseum.previewvanwebsite.nl\\\/wp-content\\\/uploads\\\/2026\\\/03\\\/Schrijf-Mee-Verticaal.jpg\",\"datePublished\":\"2025-08-24T16:00:19+00:00\",\"dateModified\":\"2026-03-07T12:01:36+00:00\",\"breadcrumb\":{\"@id\":\"https:\\\/\\\/zandvoortsmuseum.previewvanwebsite.nl\\\/de\\\/geschichten\\\/#breadcrumb\"},\"inLanguage\":\"de\",\"potentialAction\":[{\"@type\":\"ReadAction\",\"target\":[\"https:\\\/\\\/zandvoortsmuseum.previewvanwebsite.nl\\\/de\\\/geschichten\\\/\"]}]},{\"@type\":\"ImageObject\",\"inLanguage\":\"de\",\"@id\":\"https:\\\/\\\/zandvoortsmuseum.previewvanwebsite.nl\\\/de\\\/geschichten\\\/#primaryimage\",\"url\":\"https:\\\/\\\/zandvoortsmuseum.previewvanwebsite.nl\\\/wp-content\\\/uploads\\\/2026\\\/03\\\/Schrijf-Mee-Verticaal.jpg\",\"contentUrl\":\"https:\\\/\\\/zandvoortsmuseum.previewvanwebsite.nl\\\/wp-content\\\/uploads\\\/2026\\\/03\\\/Schrijf-Mee-Verticaal.jpg\"},{\"@type\":\"BreadcrumbList\",\"@id\":\"https:\\\/\\\/zandvoortsmuseum.previewvanwebsite.nl\\\/de\\\/geschichten\\\/#breadcrumb\",\"itemListElement\":[{\"@type\":\"ListItem\",\"position\":1,\"name\":\"Home\",\"item\":\"https:\\\/\\\/zandvoortsmuseum.previewvanwebsite.nl\\\/de\\\/das-zandvoorts-museum-ist-das-zentrum-fuer-kunst-und-geschichte-in-zandvoort\\\/\"},{\"@type\":\"ListItem\",\"position\":2,\"name\":\"Geschichten\"}]},{\"@type\":\"WebSite\",\"@id\":\"https:\\\/\\\/zandvoortsmuseum.previewvanwebsite.nl\\\/de\\\/#website\",\"url\":\"https:\\\/\\\/zandvoortsmuseum.previewvanwebsite.nl\\\/de\\\/\",\"name\":\"Zandvoorts Museum\",\"description\":\"H\u00e9t centrum voor kunst en geschiedenis in Zandvoort.\",\"publisher\":{\"@id\":\"https:\\\/\\\/zandvoortsmuseum.previewvanwebsite.nl\\\/de\\\/#organization\"},\"alternateName\":\"H\u00e9t centrum voor kunst en geschiedenis in Zandvoort\",\"potentialAction\":[{\"@type\":\"SearchAction\",\"target\":{\"@type\":\"EntryPoint\",\"urlTemplate\":\"https:\\\/\\\/zandvoortsmuseum.previewvanwebsite.nl\\\/de\\\/?s={search_term_string}\"},\"query-input\":{\"@type\":\"PropertyValueSpecification\",\"valueRequired\":true,\"valueName\":\"search_term_string\"}}],\"inLanguage\":\"de\"},{\"@type\":\"Organization\",\"@id\":\"https:\\\/\\\/zandvoortsmuseum.previewvanwebsite.nl\\\/de\\\/#organization\",\"name\":\"Zandvoorts Museum\",\"url\":\"https:\\\/\\\/zandvoortsmuseum.previewvanwebsite.nl\\\/de\\\/\",\"logo\":{\"@type\":\"ImageObject\",\"inLanguage\":\"de\",\"@id\":\"https:\\\/\\\/zandvoortsmuseum.previewvanwebsite.nl\\\/de\\\/#\\\/schema\\\/logo\\\/image\\\/\",\"url\":\"https:\\\/\\\/zandvoortsmuseum.previewvanwebsite.nl\\\/wp-content\\\/uploads\\\/2025\\\/08\\\/Zandvoorts-Museum-Logo-zw-min.svg\",\"contentUrl\":\"https:\\\/\\\/zandvoortsmuseum.previewvanwebsite.nl\\\/wp-content\\\/uploads\\\/2025\\\/08\\\/Zandvoorts-Museum-Logo-zw-min.svg\",\"width\":1847,\"height\":412,\"caption\":\"Zandvoorts Museum\"},\"image\":{\"@id\":\"https:\\\/\\\/zandvoortsmuseum.previewvanwebsite.nl\\\/de\\\/#\\\/schema\\\/logo\\\/image\\\/\"},\"sameAs\":[\"https:\\\/\\\/www.facebook.com\\\/MuseumZandvoort\",\"https:\\\/\\\/www.instagram.com\\\/zandvoortsmuseum\\\/\"]}]}<\/script>\n<!-- \/ Yoast SEO plugin. -->","yoast_head_json":{"title":"Geschichten - Zandvoorts Museum","robots":{"index":"noindex","follow":"follow","max-snippet":"max-snippet:-1","max-image-preview":"max-image-preview:large","max-video-preview":"max-video-preview:-1"},"og_locale":"de_DE","og_type":"article","og_title":"Geschichten - Zandvoorts Museum","og_description":"Geschichten &amp; Sammlung Das Zandvoorts Museum verf\u00fcgt \u00fcber eine gro\u00dfe Sammlung von Geschichten und Objekten. Lesen Sie unsere Geschichten und sehen Sie sich unsere Sammlungen an. Schreiben Sie mit an der Geschichte von Zandvoort. Die Geschichte von Zandvoort lebt in Geschichten, Fotos und Erinnerungen. Haben Sie einen besonderen Moment, der bewahrt werden sollte? Unsere Geschichten [&hellip;]","og_url":"https:\/\/zandvoortsmuseum.previewvanwebsite.nl\/de\/geschichten\/","og_site_name":"Zandvoorts Museum","article_publisher":"https:\/\/www.facebook.com\/MuseumZandvoort","article_modified_time":"2026-03-07T12:01:36+00:00","og_image":[{"width":801,"height":1920,"url":"https:\/\/zandvoortsmuseum.previewvanwebsite.nl\/wp-content\/uploads\/2026\/03\/Schrijf-Mee-Verticaal.jpg","type":"image\/jpeg"}],"twitter_card":"summary_large_image","twitter_misc":{"Gesch\u00e4tzte Lesezeit":"2\u00a0Minuten"},"schema":{"@context":"https:\/\/schema.org","@graph":[{"@type":"WebPage","@id":"https:\/\/zandvoortsmuseum.previewvanwebsite.nl\/de\/geschichten\/","url":"https:\/\/zandvoortsmuseum.previewvanwebsite.nl\/de\/geschichten\/","name":"Geschichten - Zandvoorts Museum","isPartOf":{"@id":"https:\/\/zandvoortsmuseum.previewvanwebsite.nl\/de\/#website"},"primaryImageOfPage":{"@id":"https:\/\/zandvoortsmuseum.previewvanwebsite.nl\/de\/geschichten\/#primaryimage"},"image":{"@id":"https:\/\/zandvoortsmuseum.previewvanwebsite.nl\/de\/geschichten\/#primaryimage"},"thumbnailUrl":"https:\/\/zandvoortsmuseum.previewvanwebsite.nl\/wp-content\/uploads\/2026\/03\/Schrijf-Mee-Verticaal.jpg","datePublished":"2025-08-24T16:00:19+00:00","dateModified":"2026-03-07T12:01:36+00:00","breadcrumb":{"@id":"https:\/\/zandvoortsmuseum.previewvanwebsite.nl\/de\/geschichten\/#breadcrumb"},"inLanguage":"de","potentialAction":[{"@type":"ReadAction","target":["https:\/\/zandvoortsmuseum.previewvanwebsite.nl\/de\/geschichten\/"]}]},{"@type":"ImageObject","inLanguage":"de","@id":"https:\/\/zandvoortsmuseum.previewvanwebsite.nl\/de\/geschichten\/#primaryimage","url":"https:\/\/zandvoortsmuseum.previewvanwebsite.nl\/wp-content\/uploads\/2026\/03\/Schrijf-Mee-Verticaal.jpg","contentUrl":"https:\/\/zandvoortsmuseum.previewvanwebsite.nl\/wp-content\/uploads\/2026\/03\/Schrijf-Mee-Verticaal.jpg"},{"@type":"BreadcrumbList","@id":"https:\/\/zandvoortsmuseum.previewvanwebsite.nl\/de\/geschichten\/#breadcrumb","itemListElement":[{"@type":"ListItem","position":1,"name":"Home","item":"https:\/\/zandvoortsmuseum.previewvanwebsite.nl\/de\/das-zandvoorts-museum-ist-das-zentrum-fuer-kunst-und-geschichte-in-zandvoort\/"},{"@type":"ListItem","position":2,"name":"Geschichten"}]},{"@type":"WebSite","@id":"https:\/\/zandvoortsmuseum.previewvanwebsite.nl\/de\/#website","url":"https:\/\/zandvoortsmuseum.previewvanwebsite.nl\/de\/","name":"Zandvoorts Museum","description":"H\u00e9t centrum voor kunst en geschiedenis in Zandvoort.","publisher":{"@id":"https:\/\/zandvoortsmuseum.previewvanwebsite.nl\/de\/#organization"},"alternateName":"H\u00e9t centrum voor kunst en geschiedenis in Zandvoort","potentialAction":[{"@type":"SearchAction","target":{"@type":"EntryPoint","urlTemplate":"https:\/\/zandvoortsmuseum.previewvanwebsite.nl\/de\/?s={search_term_string}"},"query-input":{"@type":"PropertyValueSpecification","valueRequired":true,"valueName":"search_term_string"}}],"inLanguage":"de"},{"@type":"Organization","@id":"https:\/\/zandvoortsmuseum.previewvanwebsite.nl\/de\/#organization","name":"Zandvoorts Museum","url":"https:\/\/zandvoortsmuseum.previewvanwebsite.nl\/de\/","logo":{"@type":"ImageObject","inLanguage":"de","@id":"https:\/\/zandvoortsmuseum.previewvanwebsite.nl\/de\/#\/schema\/logo\/image\/","url":"https:\/\/zandvoortsmuseum.previewvanwebsite.nl\/wp-content\/uploads\/2025\/08\/Zandvoorts-Museum-Logo-zw-min.svg","contentUrl":"https:\/\/zandvoortsmuseum.previewvanwebsite.nl\/wp-content\/uploads\/2025\/08\/Zandvoorts-Museum-Logo-zw-min.svg","width":1847,"height":412,"caption":"Zandvoorts Museum"},"image":{"@id":"https:\/\/zandvoortsmuseum.previewvanwebsite.nl\/de\/#\/schema\/logo\/image\/"},"sameAs":["https:\/\/www.facebook.com\/MuseumZandvoort","https:\/\/www.instagram.com\/zandvoortsmuseum\/"]}]}},"_links":{"self":[{"href":"https:\/\/zandvoortsmuseum.previewvanwebsite.nl\/de\/wp-json\/wp\/v2\/pages\/4985","targetHints":{"allow":["GET"]}}],"collection":[{"href":"https:\/\/zandvoortsmuseum.previewvanwebsite.nl\/de\/wp-json\/wp\/v2\/pages"}],"about":[{"href":"https:\/\/zandvoortsmuseum.previewvanwebsite.nl\/de\/wp-json\/wp\/v2\/types\/page"}],"author":[{"embeddable":true,"href":"https:\/\/zandvoortsmuseum.previewvanwebsite.nl\/de\/wp-json\/wp\/v2\/users\/1"}],"replies":[{"embeddable":true,"href":"https:\/\/zandvoortsmuseum.previewvanwebsite.nl\/de\/wp-json\/wp\/v2\/comments?post=4985"}],"version-history":[{"count":2,"href":"https:\/\/zandvoortsmuseum.previewvanwebsite.nl\/de\/wp-json\/wp\/v2\/pages\/4985\/revisions"}],"predecessor-version":[{"id":5589,"href":"https:\/\/zandvoortsmuseum.previewvanwebsite.nl\/de\/wp-json\/wp\/v2\/pages\/4985\/revisions\/5589"}],"wp:attachment":[{"href":"https:\/\/zandvoortsmuseum.previewvanwebsite.nl\/de\/wp-json\/wp\/v2\/media?parent=4985"}],"curies":[{"name":"wp","href":"https:\/\/api.w.org\/{rel}","templated":true}]}}