{"id":4710,"date":"2025-08-24T11:36:02","date_gmt":"2025-08-24T09:36:02","guid":{"rendered":"https:\/\/zandvoortsmuseum.previewvanwebsite.nl\/staendige-sammlung\/"},"modified":"2026-01-13T16:16:31","modified_gmt":"2026-01-13T14:16:31","slug":"staendige-sammlung","status":"publish","type":"page","link":"https:\/\/zandvoortsmuseum.previewvanwebsite.nl\/de\/staendige-sammlung\/","title":{"rendered":"St\u00e4ndige Sammlung"},"content":{"rendered":"\t\t<div data-elementor-type=\"wp-page\" data-elementor-id=\"4710\" class=\"elementor elementor-4710 elementor-832\" data-elementor-post-type=\"page\">\n\t\t\t\t<div class=\"elementor-element elementor-element-5376cce3 e-con-full e-flex e-con e-parent\" data-id=\"5376cce3\" data-element_type=\"container\" data-e-type=\"container\" data-settings=\"{&quot;background_background&quot;:&quot;classic&quot;}\">\n\t\t<div class=\"elementor-element elementor-element-52540d49 e-flex e-con-boxed e-con e-child\" data-id=\"52540d49\" data-element_type=\"container\" data-e-type=\"container\">\n\t\t\t\t\t<div class=\"e-con-inner\">\n\t\t<div class=\"elementor-element elementor-element-706f7ab3 e-con-full e-flex e-con e-child\" data-id=\"706f7ab3\" data-element_type=\"container\" data-e-type=\"container\">\n\t\t\t\t<div class=\"elementor-element elementor-element-7f985211 kop-diap elementor-widget elementor-widget-heading\" data-id=\"7f985211\" data-element_type=\"widget\" data-e-type=\"widget\" data-widget_type=\"heading.default\">\n\t\t\t\t\t<h2 class=\"elementor-heading-title elementor-size-default\">St\u00e4ndige Sammlung<\/h2>\t\t\t\t<\/div>\n\t\t\t\t<div class=\"elementor-element elementor-element-3d467693 tekst-diap elementor-widget elementor-widget-text-editor\" data-id=\"3d467693\" data-element_type=\"widget\" data-e-type=\"widget\" data-widget_type=\"text-editor.default\">\n\t\t\t\t\t\t\t\t\t<p>Die Geschichte von Zandvoort wird anhand von interaktivem Sammlungsmanagement, organisierten Wanderungen durch das alte Zentrum des Dorfes und dem Kulturerbe-Lehrplan f\u00fcr Grundschulen ausf\u00fchrlich besprochen. Dar\u00fcber hinaus findet sich in den verschiedenen Stilt\u00fcren des Museums die Nostalgie des alten Zandvoort wieder. <\/p>\t\t\t\t\t\t\t\t<\/div>\n\t\t\t\t<\/div>\n\t\t<div class=\"elementor-element elementor-element-5a4474c7 e-con-full e-flex e-con e-child\" data-id=\"5a4474c7\" data-element_type=\"container\" data-e-type=\"container\" data-settings=\"{&quot;background_background&quot;:&quot;classic&quot;}\">\n\t\t\t\t<div class=\"elementor-element elementor-element-53d3e768 elementor-widget elementor-widget-spacer\" data-id=\"53d3e768\" data-element_type=\"widget\" data-e-type=\"widget\" data-widget_type=\"spacer.default\">\n\t\t\t\t\t\t\t<div class=\"elementor-spacer\">\n\t\t\t<div class=\"elementor-spacer-inner\"><\/div>\n\t\t<\/div>\n\t\t\t\t\t\t<\/div>\n\t\t\t\t<\/div>\n\t\t\t\t\t<\/div>\n\t\t\t\t<\/div>\n\t\t\t\t<\/div>\n\t\t<div class=\"elementor-element elementor-element-75ef391a e-con-full e-flex e-con e-parent\" data-id=\"75ef391a\" data-element_type=\"container\" data-e-type=\"container\" data-settings=\"{&quot;background_background&quot;:&quot;classic&quot;}\">\n\t\t<div class=\"elementor-element elementor-element-2fd55e3d e-flex e-con-boxed e-con e-child\" data-id=\"2fd55e3d\" data-element_type=\"container\" data-e-type=\"container\">\n\t\t\t\t\t<div class=\"e-con-inner\">\n\t\t<div class=\"elementor-element elementor-element-2cb8e459 e-con-full e-flex e-con e-child\" data-id=\"2cb8e459\" data-element_type=\"container\" data-e-type=\"container\">\n\t\t\t\t<div class=\"elementor-element elementor-element-31fecaa6 kop-diap elementor-widget elementor-widget-heading\" data-id=\"31fecaa6\" data-element_type=\"widget\" data-e-type=\"widget\" data-widget_type=\"heading.default\">\n\t\t\t\t\t<h2 class=\"elementor-heading-title elementor-size-default\">Die Verwaltung<\/h2>\t\t\t\t<\/div>\n\t\t\t\t<div class=\"elementor-element elementor-element-6403a576 tekst-diap elementor-widget elementor-widget-text-editor\" data-id=\"6403a576\" data-element_type=\"widget\" data-e-type=\"widget\" data-widget_type=\"text-editor.default\">\n\t\t\t\t\t\t\t\t\t<p data-kb-block=\"kb-adv-heading764_42a80a-6a\">Das Zandvoorts Museum verwaltet neben eigenem Material auch die Sammlung der Gemeinde Zandvoort. Diese Sammlung besteht aus einer gro\u00dfen Anzahl von Objekten, die mit der Vergangenheit von Zandvoort zu tun haben. Objekte wie Gem\u00e4lde, Skulpturen und Abbildungen, die etwas \u00fcber die Vergangenheit von Zandvoort erz\u00e4hlen; von Menschen, bekannt oder weniger bekannt, die einst in Zandvoort gelebt und gearbeitet haben; von Geb\u00e4uden, die die Gemeinde reich war; von Vereinen, die f\u00fcr eine kulturelle Verbindung sorgten, und von Vergn\u00fcgungen, die sowohl national als auch international f\u00fcr Entspannung sorgten und dies noch immer tun.  <\/p><p data-kb-block=\"kb-adv-heading764_3f5b9d-4a\">Die Teilsammlung des Zandvoortser Fotografen Bakels ist einzigartig, ebenso wie die Sammlung von Fotos und verwandten Dingen rund um die 1939 erstmals organisierten nationalen Autorennen auf dem damaligen Stra\u00dfenkurs und nach dem 2. Weltkrieg auf dem heutigen nationalen Rennkurs in Zandvoort. Es ist unm\u00f6glich, all diese Objekte auszustellen. Dennoch sind alle Objekte \u00fcber unsere Website zu sehen, was das Zandvoorts Museum auch auf diese Weise besonders macht.  <\/p>\t\t\t\t\t\t\t\t<\/div>\n\t\t\t\t<\/div>\n\t\t\t\t\t<\/div>\n\t\t\t\t<\/div>\n\t\t\t\t<\/div>\n\t\t<div class=\"elementor-element elementor-element-9f77696 e-flex e-con-boxed e-con e-parent\" data-id=\"9f77696\" data-element_type=\"container\" data-e-type=\"container\">\n\t\t\t\t\t<div class=\"e-con-inner\">\n\t\t<div class=\"elementor-element elementor-element-cc82153 e-con-full e-flex e-con e-child\" data-id=\"cc82153\" data-element_type=\"container\" data-e-type=\"container\">\n\t\t\t\t<div class=\"elementor-element elementor-element-af57434 kop-diap elementor-widget elementor-widget-heading\" data-id=\"af57434\" data-element_type=\"widget\" data-e-type=\"widget\" data-widget_type=\"heading.default\">\n\t\t\t\t\t<h1 class=\"elementor-heading-title elementor-size-default\">Unsere st\u00e4ndige Sammlung<\/h1>\t\t\t\t<\/div>\n\t\t\t\t<\/div>\n\t\t\t\t<div class=\"elementor-element elementor-element-8abce09 elementor-grid-3 elementor-grid-tablet-2 elementor-grid-mobile-1 elementor-widget elementor-widget-loop-grid\" data-id=\"8abce09\" data-element_type=\"widget\" data-e-type=\"widget\" data-settings=\"{&quot;template_id&quot;:402,&quot;pagination_type&quot;:&quot;load_more_infinite_scroll&quot;,&quot;row_gap&quot;:{&quot;unit&quot;:&quot;px&quot;,&quot;size&quot;:80,&quot;sizes&quot;:[]},&quot;_skin&quot;:&quot;post&quot;,&quot;columns&quot;:&quot;3&quot;,&quot;columns_tablet&quot;:&quot;2&quot;,&quot;columns_mobile&quot;:&quot;1&quot;,&quot;edit_handle_selector&quot;:&quot;[data-elementor-type=\\&quot;loop-item\\&quot;]&quot;,&quot;load_more_spinner&quot;:{&quot;value&quot;:&quot;fas fa-spinner&quot;,&quot;library&quot;:&quot;fa-solid&quot;},&quot;row_gap_tablet&quot;:{&quot;unit&quot;:&quot;px&quot;,&quot;size&quot;:&quot;&quot;,&quot;sizes&quot;:[]},&quot;row_gap_mobile&quot;:{&quot;unit&quot;:&quot;px&quot;,&quot;size&quot;:&quot;&quot;,&quot;sizes&quot;:[]}}\" data-widget_type=\"loop-grid.post\">\n\t\t\t\t<div class=\"elementor-widget-container\">\n\t\t\t\t\t\t\t<div class=\"e-loop-nothing-found-message\">\n\t\t<\/div>\n\t\t\t\t\t\t<\/div>\n\t\t\t\t<\/div>\n\t\t\t\t\t<\/div>\n\t\t\t\t<\/div>\n\t\t\t\t<\/div>\n\t\t","protected":false},"excerpt":{"rendered":"<p>St\u00e4ndige Sammlung Die Geschichte von Zandvoort wird anhand von interaktivem Sammlungsmanagement, organisierten Wanderungen durch das alte Zentrum des Dorfes und dem Kulturerbe-Lehrplan f\u00fcr Grundschulen ausf\u00fchrlich besprochen. Dar\u00fcber hinaus findet sich in den verschiedenen Stilt\u00fcren des Museums die Nostalgie des alten Zandvoort wieder. Die Verwaltung Das Zandvoorts Museum verwaltet neben eigenem Material auch die Sammlung der [&hellip;]<\/p>\n","protected":false},"author":1,"featured_media":0,"parent":0,"menu_order":0,"comment_status":"closed","ping_status":"closed","template":"","meta":{"_acf_changed":false,"inline_featured_image":false,"footnotes":""},"class_list":["post-4710","page","type-page","status-publish","hentry"],"acf":[],"yoast_head":"<!-- This site is optimized with the Yoast SEO plugin v27.5 - https:\/\/yoast.com\/product\/yoast-seo-wordpress\/ -->\n<title>St\u00e4ndige Sammlung - Zandvoorts Museum<\/title>\n<meta name=\"robots\" content=\"noindex, follow, max-snippet:-1, max-image-preview:large, max-video-preview:-1\" \/>\n<meta property=\"og:locale\" content=\"de_DE\" \/>\n<meta property=\"og:type\" content=\"article\" \/>\n<meta property=\"og:title\" content=\"St\u00e4ndige Sammlung - Zandvoorts Museum\" \/>\n<meta property=\"og:description\" content=\"St\u00e4ndige Sammlung Die Geschichte von Zandvoort wird anhand von interaktivem Sammlungsmanagement, organisierten Wanderungen durch das alte Zentrum des Dorfes und dem Kulturerbe-Lehrplan f\u00fcr Grundschulen ausf\u00fchrlich besprochen. Dar\u00fcber hinaus findet sich in den verschiedenen Stilt\u00fcren des Museums die Nostalgie des alten Zandvoort wieder. Die Verwaltung Das Zandvoorts Museum verwaltet neben eigenem Material auch die Sammlung der [&hellip;]\" \/>\n<meta property=\"og:url\" content=\"https:\/\/zandvoortsmuseum.previewvanwebsite.nl\/de\/staendige-sammlung\/\" \/>\n<meta property=\"og:site_name\" content=\"Zandvoorts Museum\" \/>\n<meta property=\"article:publisher\" content=\"https:\/\/www.facebook.com\/MuseumZandvoort\" \/>\n<meta property=\"article:modified_time\" content=\"2026-01-13T14:16:31+00:00\" \/>\n<meta property=\"og:image\" content=\"https:\/\/zandvoortsmuseum.previewvanwebsite.nl\/wp-content\/uploads\/2025\/08\/zandvoorts-museum-logo-2025-zw.png\" \/>\n\t<meta property=\"og:image:width\" content=\"664\" \/>\n\t<meta property=\"og:image:height\" content=\"118\" \/>\n\t<meta property=\"og:image:type\" content=\"image\/png\" \/>\n<meta name=\"twitter:card\" content=\"summary_large_image\" \/>\n<meta name=\"twitter:label1\" content=\"Gesch\u00e4tzte Lesezeit\" \/>\n\t<meta name=\"twitter:data1\" content=\"1\u00a0Minute\" \/>\n<script type=\"application\/ld+json\" class=\"yoast-schema-graph\">{\"@context\":\"https:\\\/\\\/schema.org\",\"@graph\":[{\"@type\":\"WebPage\",\"@id\":\"https:\\\/\\\/zandvoortsmuseum.previewvanwebsite.nl\\\/de\\\/staendige-sammlung\\\/\",\"url\":\"https:\\\/\\\/zandvoortsmuseum.previewvanwebsite.nl\\\/de\\\/staendige-sammlung\\\/\",\"name\":\"St\u00e4ndige Sammlung - Zandvoorts Museum\",\"isPartOf\":{\"@id\":\"https:\\\/\\\/zandvoortsmuseum.previewvanwebsite.nl\\\/de\\\/#website\"},\"datePublished\":\"2025-08-24T09:36:02+00:00\",\"dateModified\":\"2026-01-13T14:16:31+00:00\",\"breadcrumb\":{\"@id\":\"https:\\\/\\\/zandvoortsmuseum.previewvanwebsite.nl\\\/de\\\/staendige-sammlung\\\/#breadcrumb\"},\"inLanguage\":\"de\",\"potentialAction\":[{\"@type\":\"ReadAction\",\"target\":[\"https:\\\/\\\/zandvoortsmuseum.previewvanwebsite.nl\\\/de\\\/staendige-sammlung\\\/\"]}]},{\"@type\":\"BreadcrumbList\",\"@id\":\"https:\\\/\\\/zandvoortsmuseum.previewvanwebsite.nl\\\/de\\\/staendige-sammlung\\\/#breadcrumb\",\"itemListElement\":[{\"@type\":\"ListItem\",\"position\":1,\"name\":\"Home\",\"item\":\"https:\\\/\\\/zandvoortsmuseum.previewvanwebsite.nl\\\/de\\\/das-zandvoorts-museum-ist-das-zentrum-fuer-kunst-und-geschichte-in-zandvoort\\\/\"},{\"@type\":\"ListItem\",\"position\":2,\"name\":\"St\u00e4ndige Sammlung\"}]},{\"@type\":\"WebSite\",\"@id\":\"https:\\\/\\\/zandvoortsmuseum.previewvanwebsite.nl\\\/de\\\/#website\",\"url\":\"https:\\\/\\\/zandvoortsmuseum.previewvanwebsite.nl\\\/de\\\/\",\"name\":\"Zandvoorts Museum\",\"description\":\"H\u00e9t centrum voor kunst en geschiedenis in Zandvoort.\",\"publisher\":{\"@id\":\"https:\\\/\\\/zandvoortsmuseum.previewvanwebsite.nl\\\/de\\\/#organization\"},\"alternateName\":\"H\u00e9t centrum voor kunst en geschiedenis in Zandvoort\",\"potentialAction\":[{\"@type\":\"SearchAction\",\"target\":{\"@type\":\"EntryPoint\",\"urlTemplate\":\"https:\\\/\\\/zandvoortsmuseum.previewvanwebsite.nl\\\/de\\\/?s={search_term_string}\"},\"query-input\":{\"@type\":\"PropertyValueSpecification\",\"valueRequired\":true,\"valueName\":\"search_term_string\"}}],\"inLanguage\":\"de\"},{\"@type\":\"Organization\",\"@id\":\"https:\\\/\\\/zandvoortsmuseum.previewvanwebsite.nl\\\/de\\\/#organization\",\"name\":\"Zandvoorts Museum\",\"url\":\"https:\\\/\\\/zandvoortsmuseum.previewvanwebsite.nl\\\/de\\\/\",\"logo\":{\"@type\":\"ImageObject\",\"inLanguage\":\"de\",\"@id\":\"https:\\\/\\\/zandvoortsmuseum.previewvanwebsite.nl\\\/de\\\/#\\\/schema\\\/logo\\\/image\\\/\",\"url\":\"https:\\\/\\\/zandvoortsmuseum.previewvanwebsite.nl\\\/wp-content\\\/uploads\\\/2025\\\/08\\\/Zandvoorts-Museum-Logo-zw-min.svg\",\"contentUrl\":\"https:\\\/\\\/zandvoortsmuseum.previewvanwebsite.nl\\\/wp-content\\\/uploads\\\/2025\\\/08\\\/Zandvoorts-Museum-Logo-zw-min.svg\",\"width\":1847,\"height\":412,\"caption\":\"Zandvoorts Museum\"},\"image\":{\"@id\":\"https:\\\/\\\/zandvoortsmuseum.previewvanwebsite.nl\\\/de\\\/#\\\/schema\\\/logo\\\/image\\\/\"},\"sameAs\":[\"https:\\\/\\\/www.facebook.com\\\/MuseumZandvoort\",\"https:\\\/\\\/www.instagram.com\\\/zandvoortsmuseum\\\/\"]}]}<\/script>\n<!-- \/ Yoast SEO plugin. -->","yoast_head_json":{"title":"St\u00e4ndige Sammlung - Zandvoorts Museum","robots":{"index":"noindex","follow":"follow","max-snippet":"max-snippet:-1","max-image-preview":"max-image-preview:large","max-video-preview":"max-video-preview:-1"},"og_locale":"de_DE","og_type":"article","og_title":"St\u00e4ndige Sammlung - Zandvoorts Museum","og_description":"St\u00e4ndige Sammlung Die Geschichte von Zandvoort wird anhand von interaktivem Sammlungsmanagement, organisierten Wanderungen durch das alte Zentrum des Dorfes und dem Kulturerbe-Lehrplan f\u00fcr Grundschulen ausf\u00fchrlich besprochen. Dar\u00fcber hinaus findet sich in den verschiedenen Stilt\u00fcren des Museums die Nostalgie des alten Zandvoort wieder. Die Verwaltung Das Zandvoorts Museum verwaltet neben eigenem Material auch die Sammlung der [&hellip;]","og_url":"https:\/\/zandvoortsmuseum.previewvanwebsite.nl\/de\/staendige-sammlung\/","og_site_name":"Zandvoorts Museum","article_publisher":"https:\/\/www.facebook.com\/MuseumZandvoort","article_modified_time":"2026-01-13T14:16:31+00:00","og_image":[{"width":664,"height":118,"url":"https:\/\/zandvoortsmuseum.previewvanwebsite.nl\/wp-content\/uploads\/2025\/08\/zandvoorts-museum-logo-2025-zw.png","type":"image\/png"}],"twitter_card":"summary_large_image","twitter_misc":{"Gesch\u00e4tzte Lesezeit":"1\u00a0Minute"},"schema":{"@context":"https:\/\/schema.org","@graph":[{"@type":"WebPage","@id":"https:\/\/zandvoortsmuseum.previewvanwebsite.nl\/de\/staendige-sammlung\/","url":"https:\/\/zandvoortsmuseum.previewvanwebsite.nl\/de\/staendige-sammlung\/","name":"St\u00e4ndige Sammlung - Zandvoorts Museum","isPartOf":{"@id":"https:\/\/zandvoortsmuseum.previewvanwebsite.nl\/de\/#website"},"datePublished":"2025-08-24T09:36:02+00:00","dateModified":"2026-01-13T14:16:31+00:00","breadcrumb":{"@id":"https:\/\/zandvoortsmuseum.previewvanwebsite.nl\/de\/staendige-sammlung\/#breadcrumb"},"inLanguage":"de","potentialAction":[{"@type":"ReadAction","target":["https:\/\/zandvoortsmuseum.previewvanwebsite.nl\/de\/staendige-sammlung\/"]}]},{"@type":"BreadcrumbList","@id":"https:\/\/zandvoortsmuseum.previewvanwebsite.nl\/de\/staendige-sammlung\/#breadcrumb","itemListElement":[{"@type":"ListItem","position":1,"name":"Home","item":"https:\/\/zandvoortsmuseum.previewvanwebsite.nl\/de\/das-zandvoorts-museum-ist-das-zentrum-fuer-kunst-und-geschichte-in-zandvoort\/"},{"@type":"ListItem","position":2,"name":"St\u00e4ndige Sammlung"}]},{"@type":"WebSite","@id":"https:\/\/zandvoortsmuseum.previewvanwebsite.nl\/de\/#website","url":"https:\/\/zandvoortsmuseum.previewvanwebsite.nl\/de\/","name":"Zandvoorts Museum","description":"H\u00e9t centrum voor kunst en geschiedenis in Zandvoort.","publisher":{"@id":"https:\/\/zandvoortsmuseum.previewvanwebsite.nl\/de\/#organization"},"alternateName":"H\u00e9t centrum voor kunst en geschiedenis in Zandvoort","potentialAction":[{"@type":"SearchAction","target":{"@type":"EntryPoint","urlTemplate":"https:\/\/zandvoortsmuseum.previewvanwebsite.nl\/de\/?s={search_term_string}"},"query-input":{"@type":"PropertyValueSpecification","valueRequired":true,"valueName":"search_term_string"}}],"inLanguage":"de"},{"@type":"Organization","@id":"https:\/\/zandvoortsmuseum.previewvanwebsite.nl\/de\/#organization","name":"Zandvoorts Museum","url":"https:\/\/zandvoortsmuseum.previewvanwebsite.nl\/de\/","logo":{"@type":"ImageObject","inLanguage":"de","@id":"https:\/\/zandvoortsmuseum.previewvanwebsite.nl\/de\/#\/schema\/logo\/image\/","url":"https:\/\/zandvoortsmuseum.previewvanwebsite.nl\/wp-content\/uploads\/2025\/08\/Zandvoorts-Museum-Logo-zw-min.svg","contentUrl":"https:\/\/zandvoortsmuseum.previewvanwebsite.nl\/wp-content\/uploads\/2025\/08\/Zandvoorts-Museum-Logo-zw-min.svg","width":1847,"height":412,"caption":"Zandvoorts Museum"},"image":{"@id":"https:\/\/zandvoortsmuseum.previewvanwebsite.nl\/de\/#\/schema\/logo\/image\/"},"sameAs":["https:\/\/www.facebook.com\/MuseumZandvoort","https:\/\/www.instagram.com\/zandvoortsmuseum\/"]}]}},"_links":{"self":[{"href":"https:\/\/zandvoortsmuseum.previewvanwebsite.nl\/de\/wp-json\/wp\/v2\/pages\/4710","targetHints":{"allow":["GET"]}}],"collection":[{"href":"https:\/\/zandvoortsmuseum.previewvanwebsite.nl\/de\/wp-json\/wp\/v2\/pages"}],"about":[{"href":"https:\/\/zandvoortsmuseum.previewvanwebsite.nl\/de\/wp-json\/wp\/v2\/types\/page"}],"author":[{"embeddable":true,"href":"https:\/\/zandvoortsmuseum.previewvanwebsite.nl\/de\/wp-json\/wp\/v2\/users\/1"}],"replies":[{"embeddable":true,"href":"https:\/\/zandvoortsmuseum.previewvanwebsite.nl\/de\/wp-json\/wp\/v2\/comments?post=4710"}],"version-history":[{"count":1,"href":"https:\/\/zandvoortsmuseum.previewvanwebsite.nl\/de\/wp-json\/wp\/v2\/pages\/4710\/revisions"}],"predecessor-version":[{"id":4716,"href":"https:\/\/zandvoortsmuseum.previewvanwebsite.nl\/de\/wp-json\/wp\/v2\/pages\/4710\/revisions\/4716"}],"wp:attachment":[{"href":"https:\/\/zandvoortsmuseum.previewvanwebsite.nl\/de\/wp-json\/wp\/v2\/media?parent=4710"}],"curies":[{"name":"wp","href":"https:\/\/api.w.org\/{rel}","templated":true}]}}